{"id":101,"date":"2016-11-18T04:15:35","date_gmt":"2016-11-18T04:15:35","guid":{"rendered":"http:\/\/612.fi\/?page_id=101"},"modified":"2016-12-18T18:55:56","modified_gmt":"2016-12-18T18:55:56","slug":"2016-2","status":"publish","type":"page","link":"https:\/\/612.fi\/?page_id=101","title":{"rendered":"2016"},"content":{"rendered":"<div id=\"pl-101\"  class=\"panel-layout\" ><div id=\"pg-101-0\"  class=\"panel-grid panel-no-style\" ><div id=\"pgc-101-0-0\"  class=\"panel-grid-cell\" ><div id=\"panel-101-0-0-0\" class=\"so-panel widget widget_moesia_video_widget moesia_video_widget_widget panel-first-child\" data-index=\"0\" ><h3 class=\"widget-title\">612.fi Vuoden 2016 Kulkue<\/h3><iframe loading=\"lazy\" title=\"612.fi Vuoden 2016 Kulkue\" width=\"1140\" height=\"641\" src=\"https:\/\/www.youtube.com\/embed\/hEDWgQlNkco?feature=oembed\" frameborder=\"0\" allow=\"accelerometer; autoplay; clipboard-write; encrypted-media; gyroscope; picture-in-picture; web-share\" referrerpolicy=\"strict-origin-when-cross-origin\" allowfullscreen><\/iframe><\/div><div id=\"panel-101-0-0-1\" class=\"so-panel widget widget_text\" data-index=\"1\" ><h3 class=\"widget-title\">Tiedote<\/h3>\t\t\t<div class=\"textwidget\"><p><strong>612.fi-yhdistys j\u00e4rjest\u00e4\u00e4 edellisien vuosien tapaan my\u00f6s t\u00e4n\u00e4 vuonna soihtukulkueen Helsingin Hietaniemen sankarihautausmaalle itsen\u00e4isyysp\u00e4iv\u00e4n\u00e4 6.12.2016 klo 18:30.<\/strong><\/p>\n<p>Kulunut vuosi on ollut edellist\u00e4kin tapahtumarikkaampi ja kansanosien v\u00e4liin on repe\u00e4m\u00e4ss\u00e4 kuilu. Nyt on kokoontumisen, ei jakautumisen, aika. Huoli Suomen tulevaisuudesta on k\u00e4sin kosketeltavissa, ja me toivotamme n\u00e4ist\u00e4 huolestuneet kanssakansalaiset mukaan osoittamaan hiljaisesti mielt\u00e4\u00e4n is\u00e4nmaan puolesta. Entisest\u00e4\u00e4n kiristyneen ilmapiirin keskell\u00e4 haluamme omalta osaltamme muistuttaa, ett\u00e4 positiivisuus, kunnioitus ja yhteen hiileen puhaltaminen ovat suomalaisia arvoja, joista on syyt\u00e4 pit\u00e4\u00e4 kiinni jatkossakin.<\/p>\n<p>Kulkue j\u00e4rjestet\u00e4\u00e4n perinteisesti t\u00e4n\u00e4kin vuonna.Tapahtuma ja siihen olennaisesti liittyv\u00e4 soihtukulkue ovat edelleen poliittisesti sitoutumattomia, eik\u00e4 yhdistys edusta mit\u00e4\u00e4n poliittista kantaa. Poliittisten merkkien ja tunnusten esill\u00e4pit\u00e4minen ja k\u00e4ytt\u00e4minen tapahtumassa on edelleen kielletty. My\u00f6s kulkueen k\u00e4rjess\u00e4 liikkuva yhdistyksen asettama lippuairueen saattama Suomen lippu on ainoa sallittu banneri, viiri tai lippu.<\/p>\n<p>T\u00e4lt\u00e4 pohjalta toivotamme kaikki is\u00e4nmaalliset suomalaiset mukaan kunnioittamaan edellisten sukupolvien ty\u00f6t\u00e4 ja uhrauksia 6.12.2016.<\/p>\n<div id=\"tiedote16\"><img decoding=\"async\" src=\"http:\/\/612.fi\/wp-content\/uploads\/2016\/11\/14915201_1814157052135744_3447030274496138242_n.jpg\" \/><\/div>\n<\/div>\n\t\t<\/div><div id=\"panel-101-0-0-2\" class=\"so-panel widget widget_text\" data-index=\"2\" ><h3 class=\"widget-title\">Illan juhlapuhuja<\/h3>\t\t\t<div class=\"textwidget\"><div id=\"puhuja16\"><img decoding=\"async\" src=\"http:\/\/612.fi\/wp-content\/uploads\/2016\/11\/15036262_1818547891696660_8822746023836827671_n.jpg\" \/><\/div><\/div>\n\t\t<\/div><div id=\"panel-101-0-0-3\" class=\"so-panel widget widget_text\" data-index=\"3\" ><h3 class=\"widget-title\">Ohjeita osallistujille<\/h3>\t\t\t<div class=\"textwidget\"><div id=\"ohjeita\"><img decoding=\"async\" src=\"http:\/\/612.fi\/wp-content\/uploads\/2016\/11\/15037151_1818547085030074_5897207884461157094_n.jpg\" \/><\/div><\/div>\n\t\t<\/div><div id=\"panel-101-0-0-4\" class=\"so-panel widget widget_text\" data-index=\"4\" ><h3 class=\"widget-title\">Vastine<\/h3>\t\t\t<div class=\"textwidget\"><p><strong>Soihtumme eiv\u00e4t sammu eik\u00e4 lippumme lakoa.<\/strong><\/p>\n<p>Kaisu Tervonen kirjoitti Voimaan 9\/2016 otsikolla \u201dJoko soihdut sammuu?\u201d kirjoituksen, jossa h\u00e4n esitt\u00e4\u00e4 612-soihtukulkueesta n\u00e4kemyksi\u00e4, joihin katsomme tarpeelliseksi lausua oman kantamme.<\/p>\n<p>Itsen\u00e4isyysp\u00e4iv\u00e4n\u00e4 j\u00e4rjestett\u00e4v\u00e4 612-soihtukulkue on puolueisiin ja muihin j\u00e4rjest\u00f6ihin sitoutumaton yhden asian liike, jonka tarkoituksena mainitun kulkueen j\u00e4rjest\u00e4minen sek\u00e4 seppeleen ja kynttil\u00f6iden lasku sankarihaudoille. Ainoa tarkoituksemme on kunnioittaa menneiden sukupolvien ty\u00f6t\u00e4 ja uhrauksia.<\/p>\n<p>Yhdistys ei tapahtumassaan hyv\u00e4ksy muiden j\u00e4rjest\u00f6jen tai poliittisten ryhmien tunnuksia, ainoa hyv\u00e4ksytty tunnus on kulkueen edell\u00e4 liikkuva Suomen lippu airueineen.<\/p>\n<p>Kaikki tapahtuman j\u00e4rjestelyt toteutetaan Suomen lakien mukaisesti ja yhteisymm\u00e4rryksess\u00e4 yleist\u00e4 j\u00e4rjestyst\u00e4 valvovan viranomaisen kanssa. Tapahtuman j\u00e4rjest\u00e4miseen hyv\u00e4ksyt\u00e4\u00e4n mukaan is\u00e4nmaallinen henkil\u00f6, joka toiminallaan haluaa tukea tapahtumaa ja hyv\u00e4ksyy tapahtuman edell\u00e4 mainitut periaatteet. Tapahtuman j\u00e4rjestysmiehist\u00f6 koostuu viranomaisten hyv\u00e4ksymist\u00e4 j\u00e4rjestyksenvalvojista<\/p>\n<p>Tarvittaneen kovin raskaita rajoituksia yleiseen kokoontumisvapauteen ennen kuin Tervosen toive soihtujen sammumisesta realisoituisi. Pahvista soihtua tuskin voi verrata vasemmistoradikaalien k\u00e4ytt\u00e4m\u00e4\u00e4n lipputangonsalkoon edes astalona.<\/p>\n<p>Yleisell\u00e4 tasolla voitaneen j\u00e4rjest\u00e4m\u00e4mme tapahtuman todeta sujuneen rauhallisesti, huolimatta suomalaisvihamielisten tahojen aikaansaamasta h\u00e4iri\u00f6st\u00e4 rauhalle ja yhteiskuntaj\u00e4rjestykselle.<\/p>\n<p>Mit\u00e4 tulee Tervosen kirjoituksessa sivuttuihin \u201dvastamielenosoittajiin\u201d, niin kysymyksess\u00e4 ei ollut mielenosoitus, vaan laiton pyrkimys kokoontumisvapauden h\u00e4iritsemiseen. Lains\u00e4\u00e4d\u00e4nn\u00f6ss\u00e4 on sille oma termikin, \"mellakka\".<\/p>\n<p>Edellisin\u00e4 vuosina poliisihevosten pieksemisell\u00e4, sek\u00e4 yksityisen ja julkisen omaisuuden vahingoittamisella kunnostautuneet suomalaisvihamieliset tahot ovat lain suomissa rajoissa vapaita j\u00e4rjest\u00e4m\u00e4\u00e4n oman tapahtumansa sellaiseen aikaan ja paikkaan sovitettuna, ettei se h\u00e4iritse muiden kansalaisten yht\u00e4l\u00e4ist\u00e4 vapautta.<\/p>\n<p>N\u00e4ill\u00e4 puheilla 612.fi haluaa toivottaa hyv\u00e4\u00e4 alkanutta talvea ja itsen\u00e4isyysp\u00e4iv\u00e4n odotusta. Soihtumme tulevat j\u00e4lleen valaisemaan is\u00e4nmaamme juhlailtaa.<\/p>\n<p>612.fi-yhdistys<\/p>\n<\/div>\n\t\t<\/div><div id=\"panel-101-0-0-5\" class=\"so-panel widget\" data-index=\"5\" ><div class=\"panel-widget-style panel-widget-style-for-101-0-0-5\" ><\/div><\/div><div id=\"panel-101-0-0-6\" class=\"so-panel widget widget_moesia_video_widget moesia_video_widget_widget panel-last-child\" data-index=\"6\" ><h3 class=\"widget-title\">6.12.2015 Itsen\u00e4isyysp\u00e4iv\u00e4n soihtukulkue 612.FI <\/h3><iframe loading=\"lazy\" title=\"6.12.2015 Itsen\u00e4isyysp\u00e4iv\u00e4n soihtukulkue 612.FI\" width=\"1140\" height=\"641\" src=\"https:\/\/www.youtube.com\/embed\/3yXuqMA7sFE?feature=oembed\" frameborder=\"0\" allow=\"accelerometer; autoplay; clipboard-write; encrypted-media; gyroscope; picture-in-picture; web-share\" referrerpolicy=\"strict-origin-when-cross-origin\" allowfullscreen><\/iframe><\/div><\/div><\/div><div id=\"pg-101-1\"  class=\"panel-grid panel-no-style\" ><div id=\"pgc-101-1-0\"  class=\"panel-grid-cell\" ><div id=\"panel-101-1-0-0\" class=\"so-panel widget widget_nav_menu panel-first-child panel-last-child\" data-index=\"7\" ><h3 class=\"widget-title\">Seuraa<\/h3>\t\t<div class=\"social-widget clearfix\">\r\n\t\t\t<div class=\"menu-some-container\"><ul id=\"menu-some\" class=\"menu clearfix\"><li id=\"menu-item-25\" class=\"menu-item menu-item-type-custom menu-item-object-custom menu-item-25\"><a href=\"https:\/\/www.facebook.com\/elakoonsuomi612\"><span class=\"screen-reader-text\">Facebook<\/span><\/a><\/li>\n<li id=\"menu-item-26\" class=\"menu-item menu-item-type-custom menu-item-object-custom menu-item-26\"><a href=\"https:\/\/twitter.com\/@612Fi\"><span class=\"screen-reader-text\">Twitter<\/span><\/a><\/li>\n<li id=\"menu-item-27\" class=\"menu-item menu-item-type-custom menu-item-object-custom menu-item-27\"><a href=\"http:\/\/612fi.tumblr.com\/\"><span class=\"screen-reader-text\">Tumblr<\/span><\/a><\/li>\n<li id=\"menu-item-28\" class=\"menu-item menu-item-type-custom menu-item-object-custom menu-item-28\"><a href=\"https:\/\/www.youtube.com\/channel\/UCQYO8ECH8tZr-zlBN-E-Pxg\"><span class=\"screen-reader-text\">Youtube<\/span><\/a><\/li>\n<\/ul><\/div>\t\t<\/div>\r\n\t\t\r\n\t\t<\/div><\/div><\/div><\/div>","protected":false},"excerpt":{"rendered":"<p>612.fi-yhdistys j\u00e4rjest\u00e4\u00e4 edellisien vuosien tapaan my\u00f6s t\u00e4n\u00e4 vuonna soihtukulkueen Helsingin Hietaniemen sankarihautausmaalle itsen\u00e4isyysp\u00e4iv\u00e4n\u00e4 6.12.2016 klo 18:30. Kulunut vuosi on ollut edellist\u00e4kin tapahtumarikkaampi ja kansanosien v\u00e4liin on repe\u00e4m\u00e4ss\u00e4 kuilu. Nyt on [&hellip;]<\/p>\n","protected":false},"author":1,"featured_media":0,"parent":0,"menu_order":0,"comment_status":"closed","ping_status":"closed","template":"page_front-page.php","meta":{"footnotes":""},"_links":{"self":[{"href":"https:\/\/612.fi\/index.php?rest_route=\/wp\/v2\/pages\/101"}],"collection":[{"href":"https:\/\/612.fi\/index.php?rest_route=\/wp\/v2\/pages"}],"about":[{"href":"https:\/\/612.fi\/index.php?rest_route=\/wp\/v2\/types\/page"}],"author":[{"embeddable":true,"href":"https:\/\/612.fi\/index.php?rest_route=\/wp\/v2\/users\/1"}],"replies":[{"embeddable":true,"href":"https:\/\/612.fi\/index.php?rest_route=%2Fwp%2Fv2%2Fcomments&post=101"}],"version-history":[{"count":7,"href":"https:\/\/612.fi\/index.php?rest_route=\/wp\/v2\/pages\/101\/revisions"}],"predecessor-version":[{"id":123,"href":"https:\/\/612.fi\/index.php?rest_route=\/wp\/v2\/pages\/101\/revisions\/123"}],"wp:attachment":[{"href":"https:\/\/612.fi\/index.php?rest_route=%2Fwp%2Fv2%2Fmedia&parent=101"}],"curies":[{"name":"wp","href":"https:\/\/api.w.org\/{rel}","templated":true}]}}