{"id":121,"date":"2017-11-03T16:55:07","date_gmt":"2017-11-03T16:55:07","guid":{"rendered":"http:\/\/612.fi\/?page_id=121"},"modified":"2017-11-03T16:55:16","modified_gmt":"2017-11-03T16:55:16","slug":"2017-2","status":"publish","type":"page","link":"https:\/\/612.fi\/?page_id=121","title":{"rendered":"2017"},"content":{"rendered":"<div id=\"pl-121\"  class=\"panel-layout\" ><div id=\"pg-121-0\"  class=\"panel-grid panel-no-style\" ><div id=\"pgc-121-0-0\"  class=\"panel-grid-cell\" ><div id=\"panel-121-0-0-0\" class=\"so-panel widget widget_text panel-first-child\" data-index=\"0\" ><h3 class=\"widget-title\">Tiedote<\/h3>\t\t\t<div class=\"textwidget\"><p><strong>612.fi-yhdistys j\u00e4rjest\u00e4\u00e4 edellisien vuosien tapaan my\u00f6s t\u00e4n\u00e4 vuonna soihtukulkueen Helsingin Hietaniemen sankarihautausmaalle itsen\u00e4isyysp\u00e4iv\u00e4n\u00e4 6.12.2017 klo 18:30.<\/strong><\/p>\n<p>T\u00e4m\u00e4 vuosi on maamme itsen\u00e4isyyden yhdeks\u00e4skymmenesyhdeks\u00e4s ja siten edellisi\u00e4kin vuosia merkitt\u00e4v\u00e4mpi. <\/p>\n<p>Edellisen vuoden tapaan t\u00e4m\u00e4kin vuosi on ollut kansakunnan yhten\u00e4isyytt\u00e4 huojuttava ja kansanosien v\u00e4liin revennyt kuilu on repe\u00e4m\u00e4ss\u00e4 leve\u00e4mm\u00e4ksi. T\u00e4llainen kehitys on ep\u00e4toivottua ja huolestuttavaa.<\/p>\n<p>Korostamme edelleen yhdistyksen\u00e4 kansallista yhten\u00e4isyytt\u00e4 ja kutsumme kaikki itsens\u00e4 is\u00e4nmaallisiksi mielt\u00e4v\u00e4t suomalaiset j\u00e4lleen kerran mukaan osoittamaan hiljaisesti mielt\u00e4\u00e4n is\u00e4nmaan puolesta. Yhteishenki, eteen p\u00e4in katsominen, toistemme ja menneiden sukupolvien kunnioitus sek\u00e4 yhteen hiileen puhaltaminen ovat suomalaisia arvoja, joista on syyt\u00e4 pit\u00e4\u00e4 kiinni jatkossakin.<\/p>\n<p>Kulkue j\u00e4rjestet\u00e4\u00e4n perinteisesti t\u00e4n\u00e4kin vuonna.Tapahtuma ja siihen olennaisesti liittyv\u00e4 soihtukulkue ovat edelleen poliittisesti sitoutumattomia, eik\u00e4 yhdistys edusta mit\u00e4\u00e4n poliittista kantaa. J\u00e4tet\u00e4\u00e4n omat lokerot kotiin ja kuljetaan j\u00e4lleen kerran yhten\u00e4isen\u00e4 soihtukulkueena yhdess\u00e4 Suomen lipun takana. <\/p>\n<p>Poliittisten merkkien ja tunnusten esill\u00e4pit\u00e4minen ja k\u00e4ytt\u00e4minen tapahtumassa on edelleen kielletty. My\u00f6s kulkueen k\u00e4rjess\u00e4 liikkuva yhdistyksen asettama lippuairueen saattama Suomen lippu on ainoa sallittu banneri, viiri tai lippu.<\/p>\n<p>T\u00e4lt\u00e4 pohjalta toivotamme kaikki is\u00e4nmaalliset suomalaiset mukaan kunnioittamaan edellisten sukupolvien ty\u00f6t\u00e4 ja uhrauksia 6.12.2017, Suomen itsen\u00e4isyyden juhlavuonna.<\/p>\n<div id=\"tiedote17\"><img decoding=\"async\" src=\"http:\/\/612.fi\/wp-content\/uploads\/2017\/11\/612_FB_Kuva_20171.jpg\" \/><\/div>\n<\/div>\n\t\t<\/div><div id=\"panel-121-0-0-1\" class=\"so-panel widget widget_text\" data-index=\"1\" ><h3 class=\"widget-title\">Osallistujapinssi<\/h3>\t\t\t<div class=\"textwidget\"><div id=\"pinssi\"><img decoding=\"async\" src=\"http:\/\/612.fi\/wp-content\/uploads\/2017\/11\/Pinssi100_6121.jpg\" \/><\/div>\n\nItsen\u00e4isyysp\u00e4iv\u00e4n is\u00e4nmaallisen 612-soihtukulkueen osallistujapinssien myynti tapahtuu Suomen juhlavuonna <a href=\"https:\/\/holvi.com\/shop\/Kiuaskirjat\/product\/fa7b49805f2e54b81c441950dc68a23f\/\">Kiukaan verkkokaupan kautta<\/a>. Kyseess\u00e4 on kannatustuote, jonka tuotto k\u00e4ytet\u00e4\u00e4n kokonaisuudessaan kulkueen j\u00e4rjest\u00e4miskulujen kattamiseen. Laadukkaassa ja tyylikk\u00e4\u00e4ss\u00e4 pinssiss\u00e4 on kulkueen soihtusymboli sek\u00e4 tekstit \"612\" ja \"Suomi 100\". Merkin halkaisija on 13 mm ja materiaali harjattu ter\u00e4s. Sit\u00e4 on teetetty vain 100 kappaletta, joten kyseess\u00e4 on todellinen uniikkituote jonka hankkimalla tukee my\u00f6s arvokasta is\u00e4nmaallista perinnett\u00e4. Merkin hinta on 40 \u20ac, johon ei sis\u00e4lly erillisi\u00e4 postikuluja, ja se l\u00e4hetet\u00e4\u00e4n tilaajille nopealla aikataululla.\n\nOsta omasi: <a href=\"https:\/\/holvi.com\/shop\/Kiuaskirjat\/product\/fa7b49805f2e54b81c441950dc68a23f\/\">612-pinssi<\/a>\n\n<\/div>\n\t\t<\/div><div id=\"panel-121-0-0-2\" class=\"so-panel widget\" data-index=\"2\" ><div class=\"panel-widget-style panel-widget-style-for-121-0-0-2\" ><\/div><\/div><div id=\"panel-121-0-0-3\" class=\"so-panel widget widget_moesia_video_widget moesia_video_widget_widget panel-last-child\" data-index=\"3\" ><h3 class=\"widget-title\">612.fi Vuoden 2016 Kulkue<\/h3><iframe loading=\"lazy\" title=\"612.fi Vuoden 2016 Kulkue\" width=\"1140\" height=\"641\" src=\"https:\/\/www.youtube.com\/embed\/hEDWgQlNkco?feature=oembed\" frameborder=\"0\" allow=\"accelerometer; autoplay; clipboard-write; encrypted-media; gyroscope; picture-in-picture; web-share\" referrerpolicy=\"strict-origin-when-cross-origin\" allowfullscreen><\/iframe><\/div><\/div><\/div><div id=\"pg-121-1\"  class=\"panel-grid panel-no-style\" ><div id=\"pgc-121-1-0\"  class=\"panel-grid-cell\" ><div id=\"panel-121-1-0-0\" class=\"so-panel widget widget_nav_menu panel-first-child panel-last-child\" data-index=\"4\" ><h3 class=\"widget-title\">Seuraa<\/h3>\t\t<div class=\"social-widget clearfix\">\r\n\t\t\t<div class=\"menu-some-container\"><ul id=\"menu-some\" class=\"menu clearfix\"><li id=\"menu-item-25\" class=\"menu-item menu-item-type-custom menu-item-object-custom menu-item-25\"><a href=\"https:\/\/www.facebook.com\/elakoonsuomi612\"><span class=\"screen-reader-text\">Facebook<\/span><\/a><\/li>\n<li id=\"menu-item-26\" class=\"menu-item menu-item-type-custom menu-item-object-custom menu-item-26\"><a href=\"https:\/\/twitter.com\/@612Fi\"><span class=\"screen-reader-text\">Twitter<\/span><\/a><\/li>\n<li id=\"menu-item-27\" class=\"menu-item menu-item-type-custom menu-item-object-custom menu-item-27\"><a href=\"http:\/\/612fi.tumblr.com\/\"><span class=\"screen-reader-text\">Tumblr<\/span><\/a><\/li>\n<li id=\"menu-item-28\" class=\"menu-item menu-item-type-custom menu-item-object-custom menu-item-28\"><a href=\"https:\/\/www.youtube.com\/channel\/UCQYO8ECH8tZr-zlBN-E-Pxg\"><span class=\"screen-reader-text\">Youtube<\/span><\/a><\/li>\n<\/ul><\/div>\t\t<\/div>\r\n\t\t\r\n\t\t<\/div><\/div><\/div><\/div>","protected":false},"excerpt":{"rendered":"<p>612.fi-yhdistys j\u00e4rjest\u00e4\u00e4 edellisien vuosien tapaan my\u00f6s t\u00e4n\u00e4 vuonna soihtukulkueen Helsingin Hietaniemen sankarihautausmaalle itsen\u00e4isyysp\u00e4iv\u00e4n\u00e4 6.12.2017 klo 18:30. T\u00e4m\u00e4 vuosi on maamme itsen\u00e4isyyden yhdeks\u00e4skymmenesyhdeks\u00e4s ja siten edellisi\u00e4kin vuosia merkitt\u00e4v\u00e4mpi. Edellisen vuoden tapaan [&hellip;]<\/p>\n","protected":false},"author":1,"featured_media":0,"parent":0,"menu_order":0,"comment_status":"closed","ping_status":"closed","template":"page_front-page.php","meta":{"footnotes":""},"_links":{"self":[{"href":"https:\/\/612.fi\/index.php?rest_route=\/wp\/v2\/pages\/121"}],"collection":[{"href":"https:\/\/612.fi\/index.php?rest_route=\/wp\/v2\/pages"}],"about":[{"href":"https:\/\/612.fi\/index.php?rest_route=\/wp\/v2\/types\/page"}],"author":[{"embeddable":true,"href":"https:\/\/612.fi\/index.php?rest_route=\/wp\/v2\/users\/1"}],"replies":[{"embeddable":true,"href":"https:\/\/612.fi\/index.php?rest_route=%2Fwp%2Fv2%2Fcomments&post=121"}],"version-history":[{"count":3,"href":"https:\/\/612.fi\/index.php?rest_route=\/wp\/v2\/pages\/121\/revisions"}],"predecessor-version":[{"id":169,"href":"https:\/\/612.fi\/index.php?rest_route=\/wp\/v2\/pages\/121\/revisions\/169"}],"wp:attachment":[{"href":"https:\/\/612.fi\/index.php?rest_route=%2Fwp%2Fv2%2Fmedia&parent=121"}],"curies":[{"name":"wp","href":"https:\/\/api.w.org\/{rel}","templated":true}]}}