{"id":149,"date":"2019-12-05T11:56:43","date_gmt":"2019-12-05T09:56:43","guid":{"rendered":"https:\/\/612.fi\/?page_id=149"},"modified":"2019-12-05T13:58:17","modified_gmt":"2019-12-05T11:58:17","slug":"2019-2","status":"publish","type":"page","link":"https:\/\/612.fi\/?page_id=149","title":{"rendered":"2019"},"content":{"rendered":"\n<p style=\"text-align:center\" class=\"has-large-font-size\"><strong>TIEDOTE<\/strong><\/p>\n\n\n\n<p><strong>612.fi-yhdistys j\u00e4rjest\u00e4\u00e4 edellisten vuosien tapaan my\u00f6s t\u00e4n\u00e4 vuonna soihtukulkueen Helsingin Hietaniemen sankarihautausmaalle itsen\u00e4isyysp\u00e4iv\u00e4n\u00e4 6.12.2019 klo 18:30.<\/strong><br><br>T\u00e4n\u00e4 vuonna on kulunut 80 vuotta talvisodan syttymisest\u00e4 ja me &nbsp;haluamme erityisesti t\u00e4n\u00e4 vuonna korostaa kansaamme vuonna 1918 jakaneen aseellisen tragedian sijaan sit\u00e4 kansallista yhten\u00e4isyytt\u00e4, josta talvisodan henki ja sotien j\u00e4lkeinen j\u00e4lleenrakennus saivat voimansa.<\/p>\n\n\n\n<p>Yhteiskunnallinen eriarvoistuminen ja poliittinen polarisaatio on ly\u00f6nyt kiilaa suomalaisten v\u00e4liin vaikka juuri ep\u00e4varmoina aikoina pienen kansan suurin voimavara on yhten\u00e4isyys.<\/p>\n\n\n\n<p>Korostamme edelleen yhdistyksen\u00e4 kansallista yhten\u00e4isyytt\u00e4 ja kutsumme kaikki itsens\u00e4 is\u00e4nmaallisiksi mielt\u00e4v\u00e4t suomalaiset j\u00e4lleen kerran mukaan osoittamaan hiljaisesti mielt\u00e4\u00e4n is\u00e4nmaan puolesta.<\/p>\n\n\n\n<p>Yhteishenki, eteen p\u00e4in katsominen, toistemme ja menneiden sukupolvien kunnioitus sek\u00e4 yhteen hiileen puhaltaminen ovat suomalaisia arvoja, joista on syyt\u00e4 pit\u00e4\u00e4 kiinni jatkossakin.<\/p>\n\n\n\n<p>Kulkue j\u00e4rjestet\u00e4\u00e4n perinteisesti t\u00e4n\u00e4kin vuonna.Tapahtuma ja siihen olennaisesti liittyv\u00e4 soihtukulkue ovat edelleen poliittisesti sitoutumattomia, eik\u00e4 yhdistys edusta mit\u00e4\u00e4n poliittista kantaa. J\u00e4tet\u00e4\u00e4n omat lokerot kotiin ja kuljetaan j\u00e4lleen kerran yhten\u00e4isen\u00e4 soihtukulkueena yhdess\u00e4 Suomen lipun takana.<\/p>\n\n\n\n<p>Poliittisten merkkien ja tunnusten esill\u00e4pit\u00e4minen ja k\u00e4ytt\u00e4minen tapahtumassa on edelleen kielletty. My\u00f6s kulkueen k\u00e4rjess\u00e4 liikkuva yhdistyksen asettama lippuairueen saattama Suomen lippu on ainoa sallittu banneri, viiri tai lippu.<br><br>T\u00e4lt\u00e4 pohjalta toivotamme kaikki is\u00e4nmaalliset suomalaiset mukaan kunnioittamaan edellisten sukupolvien ty\u00f6t\u00e4 ja uhrauksia 6.12.2019.<br><br><\/p>\n\n\n\n<figure class=\"wp-block-image\"><img loading=\"lazy\" decoding=\"async\" width=\"1024\" height=\"577\" src=\"https:\/\/612.fi\/wp-content\/uploads\/2019\/12\/612-kutsu-2019-1024x577.jpg\" alt=\"\" class=\"wp-image-160\" srcset=\"https:\/\/612.fi\/wp-content\/uploads\/2019\/12\/612-kutsu-2019-1024x577.jpg 1024w, https:\/\/612.fi\/wp-content\/uploads\/2019\/12\/612-kutsu-2019-300x169.jpg 300w, https:\/\/612.fi\/wp-content\/uploads\/2019\/12\/612-kutsu-2019-768x433.jpg 768w, https:\/\/612.fi\/wp-content\/uploads\/2019\/12\/612-kutsu-2019-750x423.jpg 750w, https:\/\/612.fi\/wp-content\/uploads\/2019\/12\/612-kutsu-2019-400x225.jpg 400w, https:\/\/612.fi\/wp-content\/uploads\/2019\/12\/612-kutsu-2019-430x242.jpg 430w, https:\/\/612.fi\/wp-content\/uploads\/2019\/12\/612-kutsu-2019-150x85.jpg 150w, https:\/\/612.fi\/wp-content\/uploads\/2019\/12\/612-kutsu-2019-100x56.jpg 100w\" sizes=\"(max-width: 1024px) 100vw, 1024px\" \/><\/figure>\n\n\n\n<figure class=\"wp-block-image\"><img loading=\"lazy\" decoding=\"async\" width=\"720\" height=\"502\" src=\"https:\/\/612.fi\/wp-content\/uploads\/2019\/12\/vuoden-2019-juhlapuhuja-jasmina-ollikainen.jpeg\" alt=\"\" class=\"wp-image-166\" srcset=\"https:\/\/612.fi\/wp-content\/uploads\/2019\/12\/vuoden-2019-juhlapuhuja-jasmina-ollikainen.jpeg 720w, https:\/\/612.fi\/wp-content\/uploads\/2019\/12\/vuoden-2019-juhlapuhuja-jasmina-ollikainen-300x209.jpeg 300w, https:\/\/612.fi\/wp-content\/uploads\/2019\/12\/vuoden-2019-juhlapuhuja-jasmina-ollikainen-400x279.jpeg 400w, https:\/\/612.fi\/wp-content\/uploads\/2019\/12\/vuoden-2019-juhlapuhuja-jasmina-ollikainen-430x300.jpeg 430w, https:\/\/612.fi\/wp-content\/uploads\/2019\/12\/vuoden-2019-juhlapuhuja-jasmina-ollikainen-150x105.jpeg 150w, https:\/\/612.fi\/wp-content\/uploads\/2019\/12\/vuoden-2019-juhlapuhuja-jasmina-ollikainen-100x70.jpeg 100w\" sizes=\"(max-width: 720px) 100vw, 720px\" \/><\/figure>\n\n\n\n<h3 class=\"wp-block-heading\">Seuraa<\/h3>\n\n\n\n<ul><li><a href=\"https:\/\/www.facebook.com\/elakoonsuomi612\">Facebook<\/a><\/li><li><a href=\"https:\/\/twitter.com\/@612Fi\">Twitter<\/a><\/li><li><a href=\"http:\/\/612fi.tumblr.com\/\">Tumblr<\/a><\/li><li><a href=\"https:\/\/www.youtube.com\/channel\/UCQYO8ECH8tZr-zlBN-E-Pxg\">YouTube<\/a><\/li><\/ul>\n","protected":false},"excerpt":{"rendered":"<p>TIEDOTE 612.fi-yhdistys j\u00e4rjest\u00e4\u00e4 edellisten vuosien tapaan my\u00f6s t\u00e4n\u00e4 vuonna soihtukulkueen Helsingin Hietaniemen sankarihautausmaalle itsen\u00e4isyysp\u00e4iv\u00e4n\u00e4 6.12.2019 klo 18:30. T\u00e4n\u00e4 vuonna on kulunut 80 vuotta talvisodan syttymisest\u00e4 ja me &nbsp;haluamme erityisesti t\u00e4n\u00e4 [&hellip;]<\/p>\n","protected":false},"author":3,"featured_media":0,"parent":0,"menu_order":2019,"comment_status":"closed","ping_status":"closed","template":"","meta":{"footnotes":""},"_links":{"self":[{"href":"https:\/\/612.fi\/index.php?rest_route=\/wp\/v2\/pages\/149"}],"collection":[{"href":"https:\/\/612.fi\/index.php?rest_route=\/wp\/v2\/pages"}],"about":[{"href":"https:\/\/612.fi\/index.php?rest_route=\/wp\/v2\/types\/page"}],"author":[{"embeddable":true,"href":"https:\/\/612.fi\/index.php?rest_route=\/wp\/v2\/users\/3"}],"replies":[{"embeddable":true,"href":"https:\/\/612.fi\/index.php?rest_route=%2Fwp%2Fv2%2Fcomments&post=149"}],"version-history":[{"count":11,"href":"https:\/\/612.fi\/index.php?rest_route=\/wp\/v2\/pages\/149\/revisions"}],"predecessor-version":[{"id":173,"href":"https:\/\/612.fi\/index.php?rest_route=\/wp\/v2\/pages\/149\/revisions\/173"}],"wp:attachment":[{"href":"https:\/\/612.fi\/index.php?rest_route=%2Fwp%2Fv2%2Fmedia&parent=149"}],"curies":[{"name":"wp","href":"https:\/\/api.w.org\/{rel}","templated":true}]}}