{"id":194,"date":"2021-12-05T22:09:07","date_gmt":"2021-12-05T20:09:07","guid":{"rendered":"https:\/\/612.fi\/?page_id=194"},"modified":"2021-12-05T22:42:37","modified_gmt":"2021-12-05T20:42:37","slug":"https-612-fi","status":"publish","type":"page","link":"https:\/\/612.fi\/?page_id=194","title":{"rendered":"2021"},"content":{"rendered":"<p><strong>612.fi-yhdistys<\/strong> j\u00e4rjest\u00e4\u00e4 j\u00e4lleen itsen\u00e4isyysp\u00e4iv\u00e4n\u00e4 2021 soihtukulkueen menneiden sukupolvien uhrauksia ja ty\u00f6t\u00e4 kunnioittaakseen.<\/p>\n<p>Kokoonnumme entiseen tapaan 6.12.&nbsp; kello 18.30 T\u00f6\u00f6l\u00f6n torilla ja kahden juhlapuheen j\u00e4lkeen j\u00e4rjest\u00e4ydymme kulkueeksi sek\u00e4 suuntaamme kohti Hietaniemen hautausmaan sankarimuistomerkki\u00e4.<\/p>\n<p>Poliittisesti sitoutumattoman tapahtumamme vuoden 2021 juhlapuhujat ovat <strong>Kristian Viding&nbsp;<\/strong> ja <strong>Simo Gr\u00f6nroos<\/strong><\/p>\n<p>Toivotamme kaikki menneiden sukupolvien ty\u00f6t\u00e4 ja uhrauksia kunnioittavat&nbsp; suomalaiset mukaan.<\/p>\n<p>L\u00e4mpimin is\u00e4nmaallisin terveisin.<br><em>612.fi-yhdistys<br>Hallitus<\/em><\/p><em>\n<\/em><p><em><\/em><\/p>\n\n\n<figure class=\"wp-block-image\"><img loading=\"lazy\" decoding=\"async\" width=\"840\" height=\"426\" src=\"https:\/\/612.fi\/wp-content\/uploads\/2021\/12\/612-kaikki-taas-mukaan-2021-1.jpg\" alt=\"\" class=\"wp-image-209\" srcset=\"https:\/\/612.fi\/wp-content\/uploads\/2021\/12\/612-kaikki-taas-mukaan-2021-1.jpg 840w, https:\/\/612.fi\/wp-content\/uploads\/2021\/12\/612-kaikki-taas-mukaan-2021-1-300x152.jpg 300w, https:\/\/612.fi\/wp-content\/uploads\/2021\/12\/612-kaikki-taas-mukaan-2021-1-768x389.jpg 768w, https:\/\/612.fi\/wp-content\/uploads\/2021\/12\/612-kaikki-taas-mukaan-2021-1-750x380.jpg 750w, https:\/\/612.fi\/wp-content\/uploads\/2021\/12\/612-kaikki-taas-mukaan-2021-1-400x203.jpg 400w, https:\/\/612.fi\/wp-content\/uploads\/2021\/12\/612-kaikki-taas-mukaan-2021-1-430x218.jpg 430w, https:\/\/612.fi\/wp-content\/uploads\/2021\/12\/612-kaikki-taas-mukaan-2021-1-150x76.jpg 150w, https:\/\/612.fi\/wp-content\/uploads\/2021\/12\/612-kaikki-taas-mukaan-2021-1-100x51.jpg 100w\" sizes=\"(max-width: 840px) 100vw, 840px\" \/><\/figure>\n\n\n\n<h2 class=\"wp-block-heading\">Juhlapuhuja Kristian Viding<\/h2>\n\n\n\n<figure class=\"wp-block-image\"><img loading=\"lazy\" decoding=\"async\" width=\"668\" height=\"1024\" src=\"https:\/\/612.fi\/wp-content\/uploads\/2021\/12\/259388072_3036221933262577_6046314346965440572_n-1-668x1024.jpg\" alt=\"\" class=\"wp-image-211\" srcset=\"https:\/\/612.fi\/wp-content\/uploads\/2021\/12\/259388072_3036221933262577_6046314346965440572_n-1-668x1024.jpg 668w, https:\/\/612.fi\/wp-content\/uploads\/2021\/12\/259388072_3036221933262577_6046314346965440572_n-1-196x300.jpg 196w, https:\/\/612.fi\/wp-content\/uploads\/2021\/12\/259388072_3036221933262577_6046314346965440572_n-1-400x614.jpg 400w, https:\/\/612.fi\/wp-content\/uploads\/2021\/12\/259388072_3036221933262577_6046314346965440572_n-1-430x660.jpg 430w, https:\/\/612.fi\/wp-content\/uploads\/2021\/12\/259388072_3036221933262577_6046314346965440572_n-1-150x230.jpg 150w, https:\/\/612.fi\/wp-content\/uploads\/2021\/12\/259388072_3036221933262577_6046314346965440572_n-1-100x153.jpg 100w, https:\/\/612.fi\/wp-content\/uploads\/2021\/12\/259388072_3036221933262577_6046314346965440572_n-1.jpg 678w\" sizes=\"(max-width: 668px) 100vw, 668px\" \/><\/figure>\n\n\n\n<h2 class=\"wp-block-heading\">Juhlapuhuja Simo Gr\u00f6nroos<\/h2>\n\n\n\n<p><\/p>\n\n\n\n<figure class=\"wp-block-image\"><img loading=\"lazy\" decoding=\"async\" width=\"682\" height=\"1024\" src=\"https:\/\/612.fi\/wp-content\/uploads\/2021\/12\/Juhlapuhuja-2021-Simo-Gro\u0308nroos-1-682x1024.jpg\" alt=\"\" class=\"wp-image-213\" srcset=\"https:\/\/612.fi\/wp-content\/uploads\/2021\/12\/Juhlapuhuja-2021-Simo-Gro\u0308nroos-1-682x1024.jpg 682w, https:\/\/612.fi\/wp-content\/uploads\/2021\/12\/Juhlapuhuja-2021-Simo-Gro\u0308nroos-1-200x300.jpg 200w, https:\/\/612.fi\/wp-content\/uploads\/2021\/12\/Juhlapuhuja-2021-Simo-Gro\u0308nroos-1-768x1152.jpg 768w, https:\/\/612.fi\/wp-content\/uploads\/2021\/12\/Juhlapuhuja-2021-Simo-Gro\u0308nroos-1-750x1125.jpg 750w, https:\/\/612.fi\/wp-content\/uploads\/2021\/12\/Juhlapuhuja-2021-Simo-Gro\u0308nroos-1-400x600.jpg 400w, https:\/\/612.fi\/wp-content\/uploads\/2021\/12\/Juhlapuhuja-2021-Simo-Gro\u0308nroos-1-430x645.jpg 430w, https:\/\/612.fi\/wp-content\/uploads\/2021\/12\/Juhlapuhuja-2021-Simo-Gro\u0308nroos-1-150x225.jpg 150w, https:\/\/612.fi\/wp-content\/uploads\/2021\/12\/Juhlapuhuja-2021-Simo-Gro\u0308nroos-1-100x150.jpg 100w, https:\/\/612.fi\/wp-content\/uploads\/2021\/12\/Juhlapuhuja-2021-Simo-Gro\u0308nroos-1.jpg 1333w\" sizes=\"(max-width: 682px) 100vw, 682px\" \/><\/figure>\n","protected":false},"excerpt":{"rendered":"<p>612.fi-yhdistys j\u00e4rjest\u00e4\u00e4 j\u00e4lleen itsen\u00e4isyysp\u00e4iv\u00e4n\u00e4 2021 soihtukulkueen menneiden sukupolvien uhrauksia ja ty\u00f6t\u00e4 kunnioittaakseen. Kokoonnumme entiseen tapaan 6.12.&nbsp; kello 18.30 T\u00f6\u00f6l\u00f6n torilla ja kahden juhlapuheen j\u00e4lkeen j\u00e4rjest\u00e4ydymme kulkueeksi sek\u00e4 suuntaamme kohti Hietaniemen [&hellip;]<\/p>\n","protected":false},"author":3,"featured_media":199,"parent":0,"menu_order":0,"comment_status":"closed","ping_status":"closed","template":"","meta":{"footnotes":""},"_links":{"self":[{"href":"https:\/\/612.fi\/index.php?rest_route=\/wp\/v2\/pages\/194"}],"collection":[{"href":"https:\/\/612.fi\/index.php?rest_route=\/wp\/v2\/pages"}],"about":[{"href":"https:\/\/612.fi\/index.php?rest_route=\/wp\/v2\/types\/page"}],"author":[{"embeddable":true,"href":"https:\/\/612.fi\/index.php?rest_route=\/wp\/v2\/users\/3"}],"replies":[{"embeddable":true,"href":"https:\/\/612.fi\/index.php?rest_route=%2Fwp%2Fv2%2Fcomments&post=194"}],"version-history":[{"count":8,"href":"https:\/\/612.fi\/index.php?rest_route=\/wp\/v2\/pages\/194\/revisions"}],"predecessor-version":[{"id":214,"href":"https:\/\/612.fi\/index.php?rest_route=\/wp\/v2\/pages\/194\/revisions\/214"}],"wp:featuredmedia":[{"embeddable":true,"href":"https:\/\/612.fi\/index.php?rest_route=\/wp\/v2\/media\/199"}],"wp:attachment":[{"href":"https:\/\/612.fi\/index.php?rest_route=%2Fwp%2Fv2%2Fmedia&parent=194"}],"curies":[{"name":"wp","href":"https:\/\/api.w.org\/{rel}","templated":true}]}}