{"id":2,"date":"2014-10-06T17:54:14","date_gmt":"2014-10-06T17:54:14","guid":{"rendered":"http:\/\/http:\/\/612.fi\/"},"modified":"2019-12-05T13:55:46","modified_gmt":"2019-12-05T11:55:46","slug":"sample-page","status":"publish","type":"page","link":"https:\/\/612.fi\/?page_id=2","title":{"rendered":"2014"},"content":{"rendered":"<div id=\"pl-2\"  class=\"panel-layout\" ><div id=\"pg-2-0\"  class=\"panel-grid panel-no-style\" ><div id=\"pgc-2-0-0\"  class=\"panel-grid-cell\" ><div id=\"panel-2-0-0-0\" class=\"so-panel widget panel-first-child\" data-index=\"0\" ><\/div><div id=\"panel-2-0-0-1\" class=\"so-panel widget widget_moesia_video_widget moesia_video_widget_widget\" data-index=\"1\" ><h3 class=\"widget-title\">6.12.2014 soihtukulkue<\/h3><iframe loading=\"lazy\" title=\"6.12.2014 Itsen\u00e4isyysp\u00e4iv\u00e4n soihtukulkue 612.FI\" width=\"1140\" height=\"641\" src=\"https:\/\/www.youtube.com\/embed\/IZRCeith1kw?feature=oembed\" frameborder=\"0\" allow=\"accelerometer; autoplay; clipboard-write; encrypted-media; gyroscope; picture-in-picture; web-share\" referrerpolicy=\"strict-origin-when-cross-origin\" allowfullscreen><\/iframe><\/div><div id=\"panel-2-0-0-2\" class=\"so-panel widget widget_text\" data-index=\"2\" ><h3 class=\"widget-title\">Tapahtumainfo<\/h3>\t\t\t<div class=\"textwidget\"><div id=\"kartta\"><img decoding=\"async\" src=\"http:\/\/612.fi\/wp-content\/uploads\/2014\/11\/kartta.jpg\" \/><\/div>\n<hr \/>\n<div id=\"timo\"><img decoding=\"async\" src=\"http:\/\/612.fi\/wp-content\/uploads\/2014\/11\/10371938-1558092847742167-8385695916654944005-n.jpg\" \/><\/div>\n<hr \/>\n<p><strong>612 ylpe\u00e4n\u00e4 esitt\u00e4\u00e4: juhlapuhujana paikan p\u00e4\u00e4ll\u00e4 kirjailija Timo H\u00e4nnik\u00e4inen.<\/strong> Tapahtumaan on vajaa viikko aikaa joten viel\u00e4 ehtii vinkata kavereille ja tutuille vaihtoehtoisesta itsen\u00e4isyysp\u00e4iv\u00e4n vietosta!<\/p>\n<hr \/>\n<p><strong>Tervetuloa mukaan 612 -kulkueeseen!<\/strong><\/p>\n<p>Hieman tietoa k\u00e4yt\u00e4nn\u00f6n j\u00e4rjestelyist\u00e4.<\/p>\n<p>Soihduista on kyselty paljon, joten aloitetaan niist\u00e4. Soihtuja on saatavilla paikan p\u00e4\u00e4ll\u00e4 kaikille kulkueeseen osallistuville. Tapahtuma alkaa T\u00f6\u00f6l\u00f6n torilla puoli seitsem\u00e4lt\u00e4 illalla. Lyhyen ohjelman j\u00e4lkeen l\u00e4hdemme kulkueessa kohti Hietaniemen hautausmaata. Omia kynttil\u00f6it\u00e4 ja seppeleit\u00e4 saa ehdottomasti tuoda mukaan haudoille laskettavaksi.<\/p>\n<p>Pyyd\u00e4mme kaikkia osallistujia ottamaan huomioon, ett\u00e4 612 on poliittisesti sitoutumaton projekti ja siksi poliittiset tunnukset on j\u00e4tett\u00e4v\u00e4 kotiin. Pyyd\u00e4mme my\u00f6s osallistujia kunnioittamaan tapahtumaa, sen tarkoitusta, sen j\u00e4rjest\u00e4ji\u00e4 ja muita kanssaosallistujia arvokkaalla ja asiaankuuluvalla k\u00e4yt\u00f6ksell\u00e4. Eli ei muuta kuin roppakaupalla reipasta mielt\u00e4 ja positiivista fiilist\u00e4 mukaan.<\/p>\n<p>T\u00f6\u00f6l\u00f6ss\u00e4 tavataan!<\/p>\n<hr \/>\n<div id=\"toolo\"><img decoding=\"async\" src=\"http:\/\/612.fi\/wp-content\/uploads\/2014\/11\/10423919-1556420957909356-2272062704241749345-n.jpg\" \/><\/div>\n<\/div>\n\t\t<\/div><div id=\"panel-2-0-0-3\" class=\"so-panel widget widget_moesia_video_widget moesia_video_widget_widget\" data-index=\"3\" ><h3 class=\"widget-title\">T\u00f6\u00f6l\u00f6ss\u00e4 tavataan!<\/h3><iframe loading=\"lazy\" title=\"Itsen\u00e4isen Suomen syntym\u00e4p\u00e4iv\u00e4juhlat 6.12.2014\" width=\"1140\" height=\"641\" src=\"https:\/\/www.youtube.com\/embed\/oK8FpGtdmKE?feature=oembed\" frameborder=\"0\" allow=\"accelerometer; autoplay; clipboard-write; encrypted-media; gyroscope; picture-in-picture; web-share\" referrerpolicy=\"strict-origin-when-cross-origin\" allowfullscreen><\/iframe><\/div><div id=\"panel-2-0-0-4\" class=\"so-panel widget widget_text\" data-index=\"4\" ><h3 class=\"widget-title\">Itsen\u00e4isyys on juhlan arvoinen<\/h3>\t\t\t<div class=\"textwidget\"><p><strong>Avoin kutsu itsen\u00e4isen Suomen syntym\u00e4p\u00e4iv\u00e4juhliin Helsinkiin 6.12.2014<\/strong><\/p>\n<p>Kuten varmasti tiesitte, is\u00e4nmaa t\u00e4ytt\u00e4\u00e4 taas vuosia. On kulunut pian sata vuotta siit\u00e4, kun suomalaiset p\u00e4\u00e4ttiv\u00e4t alkaa is\u00e4nniksi omassa maassaan, eik\u00e4 sit\u00e4 p\u00e4\u00e4t\u00f6st\u00e4 ole ollut syyt\u00e4 katua. Itsen\u00e4inen Suomi on ollut suomalaisille paras paikka el\u00e4\u00e4 ja on sit\u00e4 edelleen.<\/p>\n<p>Suomen itsen\u00e4isyys ei ole itsest\u00e4\u00e4nselvyys vaan suomalaisten ponnistusten ja ty\u00f6n tulos. Maamme on rakennettu lukemattomien sukupolvien ty\u00f6ll\u00e4, ja sit\u00e4 on puolustettu suurin uhrauksin. Ilman niit\u00e4 ei Suomea olisi. Suomen itsen\u00e4isyys onkin pieni ihme, ja sit\u00e4 on toden totta syyt\u00e4 juhlia.<\/p>\n<p>Kuudes p\u00e4iv\u00e4 joulukuuta on suomalaisten p\u00e4iv\u00e4, Sinun p\u00e4iv\u00e4si. Tule siis mukaan viett\u00e4m\u00e4\u00e4n Suomen itsen\u00e4isyysp\u00e4iv\u00e4\u00e4 ja liity maanmiestesi ja -naistesi sinivalkoiseen kulkueeseen. 612-marssi on puolueista ja poliittisista j\u00e4rjest\u00f6ist\u00e4 riippumaton kansalaistempaus, jonka takana on joukko is\u00e4nmaanyst\u00e4vi\u00e4. Soihtukulkueen lis\u00e4ksi ohjelmaan kuuluu teemaan sopivia puheita.<\/p>\n<p>Kaikki ovat tervetulleita juhlimaan hyv\u00e4ll\u00e4 mielell\u00e4 maamme itsen\u00e4isyytt\u00e4 ja muistamaan esi-isiemme ty\u00f6t\u00e4 ja uhrausta vapaan Suomen puolesta. Itsen\u00e4isyysp\u00e4iv\u00e4n\u00e4 voimme olla iloisia ja ylpeit\u00e4 suomalaisuudestamme ja l\u00e4hes satavuotisesta valtiollisesta itsen\u00e4isyydest\u00e4mme. Is\u00e4nmaanrakkaus, kansallinen yhteis\u00f6llisyys ja yhteen hiileen puhaltaminen ovat valtava henkinen voimavara, joka on vahvistanut maatamme ja kansaamme niin h\u00e4d\u00e4n kuin rauhan aikoina. Yhdess\u00e4 olemme vahvoja!<\/p>\n<p><strong>El\u00e4k\u00f6\u00f6n Suomi! <\/strong><\/p>\n<hr \/>\n<p><strong>En \u00f6ppen inbjudan till sj\u00e4lvst\u00e4ndiga Finlands f\u00f6delsedagsfest 6.12.<\/strong><\/p>\n<p>Som ni s\u00e4kert vet, fyller fosterlandet \u00e5r. Det \u00e4r snart hundra \u00e5r sedan finl\u00e4ndarna besl\u00f6t sig f\u00f6r att bli herre i sitt eget land och vi har inte haft orsak att \u00e5ngra detta beslut. Det sj\u00e4lvst\u00e4ndiga Finland har varit det b\u00e4sta st\u00e4lle f\u00f6r finl\u00e4ndarna att leva och bo, och det \u00e4r det fortfarande.<\/p>\n<p>Finlands sj\u00e4lvst\u00e4ndighet \u00e4r inte en sj\u00e4lvklarhet utan frukten av finl\u00e4ndarnas arbete och flit. V\u00e5rt land \u00e4r byggt med otaliga generationers arbete och det har f\u00f6rsvarats med stora offer. Utan dem skulle Finland inte finnas till. Finlands sj\u00e4lvst\u00e4ndighet \u00e4r ett litet under och faktiskt v\u00e4rdt att firas.<\/p>\n<p>Den sj\u00e4tte december \u00e4r finl\u00e4ndarnas dag, Din dag. Kom allts\u00e5 med och fira Finlands sj\u00e4lvst\u00e4ndighetsdag och slut upp med dina landsm\u00e4n och -kvinnor i ett bl\u00e5vitt fackelt\u00e5g. 612-marschen \u00e4r en partipolitiskt obunden medborgaraktion som ordnas av en sammanslutning av fosterlandsv\u00e4nner. Ut\u00f6ver fackelt\u00e5get kommer det att h\u00e5llas l\u00e4mpliga tal.<\/p>\n<p>Alla \u00e4r v\u00e4lkomna att fira v\u00e5rt lands sj\u00e4lvst\u00e4ndighet med gott hum\u00f6r och f\u00f6r att minnas v\u00e5ra f\u00f6rf\u00e4ders arbette och offer f\u00f6r ett fritt Finland. P\u00e5 sj\u00e4lvst\u00e4ndighetsdagen kan vi gl\u00e4djas och k\u00e4nna stolthet \u00f6ver att vara finl\u00e4ndare och v\u00e5r n\u00e4stan hundra\u00e5riga statliga sj\u00e4lvst\u00e4ndighet. Fosterlandsk\u00e4rlek, nationell gemenskap och att bl\u00e5sa i samma gl\u00f6d \u00e4r en enorm tillg\u00e5ng, som har f\u00f6rst\u00e4rkt v\u00e5rt land i b\u00e5de fredens och n\u00f6dens tider. Tillsammans \u00e4r vi starka!<\/p>\n<p><strong>Leve Finland! <\/strong><\/p>\n<\/div>\n\t\t<\/div><div id=\"panel-2-0-0-5\" class=\"so-panel widget widget_siteorigin-panels-embedded-video panel-last-child\" data-index=\"5\" ><div class=\"siteorigin-fitvids\"><\/div><\/div><\/div><\/div><div id=\"pg-2-1\"  class=\"panel-grid panel-no-style\" ><div id=\"pgc-2-1-0\"  class=\"panel-grid-cell panel-grid-cell-empty\" ><\/div><\/div><div id=\"pg-2-2\"  class=\"panel-grid panel-no-style\" ><div id=\"pgc-2-2-0\"  class=\"panel-grid-cell\" ><div id=\"panel-2-2-0-0\" class=\"so-panel widget widget_nav_menu panel-first-child\" data-index=\"6\" ><h3 class=\"widget-title\">Seuraa<\/h3>\t\t<div class=\"social-widget clearfix\">\r\n\t\t\t<div class=\"menu-some-container\"><ul id=\"menu-some\" class=\"menu clearfix\"><li id=\"menu-item-25\" class=\"menu-item menu-item-type-custom menu-item-object-custom menu-item-25\"><a href=\"https:\/\/www.facebook.com\/elakoonsuomi612\"><span class=\"screen-reader-text\">Facebook<\/span><\/a><\/li>\n<li id=\"menu-item-26\" class=\"menu-item menu-item-type-custom menu-item-object-custom menu-item-26\"><a href=\"https:\/\/twitter.com\/@612Fi\"><span class=\"screen-reader-text\">Twitter<\/span><\/a><\/li>\n<li id=\"menu-item-27\" class=\"menu-item menu-item-type-custom menu-item-object-custom menu-item-27\"><a href=\"http:\/\/612fi.tumblr.com\/\"><span class=\"screen-reader-text\">Tumblr<\/span><\/a><\/li>\n<li id=\"menu-item-28\" class=\"menu-item menu-item-type-custom menu-item-object-custom menu-item-28\"><a href=\"https:\/\/www.youtube.com\/channel\/UCQYO8ECH8tZr-zlBN-E-Pxg\"><span class=\"screen-reader-text\">Youtube<\/span><\/a><\/li>\n<\/ul><\/div>\t\t<\/div>\r\n\t\t\r\n\t\t<\/div><div id=\"panel-2-2-0-1\" class=\"so-panel widget widget_moesia_video_widget moesia_video_widget_widget panel-last-child\" data-index=\"7\" ><h3 class=\"widget-title\">Tule mukaan juhlimaan!<\/h3><iframe loading=\"lazy\" title=\"6.12.2014 Helsinki - Itsen\u00e4isyys on juhlan arvoinen\" width=\"1140\" height=\"641\" src=\"https:\/\/www.youtube.com\/embed\/ogl3C-3lFXM?feature=oembed\" frameborder=\"0\" allow=\"accelerometer; autoplay; clipboard-write; encrypted-media; gyroscope; picture-in-picture; web-share\" referrerpolicy=\"strict-origin-when-cross-origin\" allowfullscreen><\/iframe><\/div><\/div><\/div><\/div>","protected":false},"excerpt":{"rendered":"<p>612 ylpe\u00e4n\u00e4 esitt\u00e4\u00e4: juhlapuhujana paikan p\u00e4\u00e4ll\u00e4 kirjailija Timo H\u00e4nnik\u00e4inen. Tapahtumaan on vajaa viikko aikaa joten viel\u00e4 ehtii vinkata kavereille ja tutuille vaihtoehtoisesta itsen\u00e4isyysp\u00e4iv\u00e4n vietosta! Tervetuloa mukaan 612 -kulkueeseen! Hieman tietoa [&hellip;]<\/p>\n","protected":false},"author":1,"featured_media":0,"parent":0,"menu_order":0,"comment_status":"closed","ping_status":"closed","template":"page_front-page.php","meta":{"footnotes":""},"_links":{"self":[{"href":"https:\/\/612.fi\/index.php?rest_route=\/wp\/v2\/pages\/2"}],"collection":[{"href":"https:\/\/612.fi\/index.php?rest_route=\/wp\/v2\/pages"}],"about":[{"href":"https:\/\/612.fi\/index.php?rest_route=\/wp\/v2\/types\/page"}],"author":[{"embeddable":true,"href":"https:\/\/612.fi\/index.php?rest_route=\/wp\/v2\/users\/1"}],"replies":[{"embeddable":true,"href":"https:\/\/612.fi\/index.php?rest_route=%2Fwp%2Fv2%2Fcomments&post=2"}],"version-history":[{"count":36,"href":"https:\/\/612.fi\/index.php?rest_route=\/wp\/v2\/pages\/2\/revisions"}],"predecessor-version":[{"id":171,"href":"https:\/\/612.fi\/index.php?rest_route=\/wp\/v2\/pages\/2\/revisions\/171"}],"wp:attachment":[{"href":"https:\/\/612.fi\/index.php?rest_route=%2Fwp%2Fv2%2Fmedia&parent=2"}],"curies":[{"name":"wp","href":"https:\/\/api.w.org\/{rel}","templated":true}]}}