{"id":220,"date":"2022-11-06T19:00:28","date_gmt":"2022-11-06T17:00:28","guid":{"rendered":"https:\/\/612.fi\/?page_id=220"},"modified":"2024-11-27T20:54:24","modified_gmt":"2024-11-27T18:54:24","slug":"2022-2","status":"publish","type":"page","link":"https:\/\/612.fi\/?page_id=220","title":{"rendered":"2022"},"content":{"rendered":"<p><a href=\"https:\/\/612.fi\/wp-content\/uploads\/2020\/11\/612fi-logo-valkosini-1.png\"><img loading=\"lazy\" decoding=\"async\" class=\"alignnone size-medium wp-image-183\" src=\"https:\/\/612.fi\/wp-content\/uploads\/2020\/11\/612fi-logo-valkosini-1-300x300.png\" alt=\"\" width=\"300\" height=\"300\" srcset=\"https:\/\/612.fi\/wp-content\/uploads\/2020\/11\/612fi-logo-valkosini-1-300x300.png 300w, https:\/\/612.fi\/wp-content\/uploads\/2020\/11\/612fi-logo-valkosini-1-150x150.png 150w, https:\/\/612.fi\/wp-content\/uploads\/2020\/11\/612fi-logo-valkosini-1-768x768.png 768w, https:\/\/612.fi\/wp-content\/uploads\/2020\/11\/612fi-logo-valkosini-1-750x750.png 750w, https:\/\/612.fi\/wp-content\/uploads\/2020\/11\/612fi-logo-valkosini-1-400x400.png 400w, https:\/\/612.fi\/wp-content\/uploads\/2020\/11\/612fi-logo-valkosini-1-430x430.png 430w, https:\/\/612.fi\/wp-content\/uploads\/2020\/11\/612fi-logo-valkosini-1-100x100.png 100w, https:\/\/612.fi\/wp-content\/uploads\/2020\/11\/612fi-logo-valkosini-1.png 960w\" sizes=\"(max-width: 300px) 100vw, 300px\" \/><\/a><\/p>\n<p><strong>Soihdut syttyv\u00e4t j\u00e4lleen Helsingiss\u00e4 itsen\u00e4isyysp\u00e4iv\u00e4n\u00e4, 6.12.2022<\/strong><\/p>\n<p>Kokoonnumme tuttuun tapaan T\u00f6\u00f6l\u00f6ntorille kello 18:30, jossa j\u00e4rjest\u00e4ydymme Hietaniemen sankarihautausmaalle suuntaavaksi kulkueeksi.<\/p>\n<p>Tapahtuman j\u00e4rjest\u00e4\u00e4 612.fi-yhdistys, ja siihen saavat osallistua kaikki, jotka haluavat juhlia Suomen itsen\u00e4isyytt\u00e4 sek\u00e4 kunnioittaa menneiden sukupolvien ty\u00f6t\u00e4 ja uhrauksia.<\/p>\n\n\n<figure class=\"wp-block-image size-full\"><a href=\"https:\/\/612.fi\/wp-content\/uploads\/2022\/12\/612-Kaikk-imukaan-2022.jpg\"><img loading=\"lazy\" decoding=\"async\" width=\"840\" height=\"426\" src=\"https:\/\/612.fi\/wp-content\/uploads\/2022\/12\/612-Kaikk-imukaan-2022.jpg\" alt=\"\" class=\"wp-image-231\" srcset=\"https:\/\/612.fi\/wp-content\/uploads\/2022\/12\/612-Kaikk-imukaan-2022.jpg 840w, https:\/\/612.fi\/wp-content\/uploads\/2022\/12\/612-Kaikk-imukaan-2022-300x152.jpg 300w, https:\/\/612.fi\/wp-content\/uploads\/2022\/12\/612-Kaikk-imukaan-2022-768x389.jpg 768w, https:\/\/612.fi\/wp-content\/uploads\/2022\/12\/612-Kaikk-imukaan-2022-750x380.jpg 750w, https:\/\/612.fi\/wp-content\/uploads\/2022\/12\/612-Kaikk-imukaan-2022-400x203.jpg 400w, https:\/\/612.fi\/wp-content\/uploads\/2022\/12\/612-Kaikk-imukaan-2022-430x218.jpg 430w, https:\/\/612.fi\/wp-content\/uploads\/2022\/12\/612-Kaikk-imukaan-2022-150x76.jpg 150w, https:\/\/612.fi\/wp-content\/uploads\/2022\/12\/612-Kaikk-imukaan-2022-100x51.jpg 100w\" sizes=\"(max-width: 840px) 100vw, 840px\" \/><\/a><\/figure>\n\n\n\n<figure class=\"wp-block-image size-full\"><a href=\"https:\/\/612.fi\/wp-content\/uploads\/2022\/12\/10348276_1556421514575967_2994088591955209132_n.jpg\"><img loading=\"lazy\" decoding=\"async\" width=\"700\" height=\"270\" src=\"https:\/\/612.fi\/wp-content\/uploads\/2022\/12\/10348276_1556421514575967_2994088591955209132_n.jpg\" alt=\"\" class=\"wp-image-233\" srcset=\"https:\/\/612.fi\/wp-content\/uploads\/2022\/12\/10348276_1556421514575967_2994088591955209132_n.jpg 700w, https:\/\/612.fi\/wp-content\/uploads\/2022\/12\/10348276_1556421514575967_2994088591955209132_n-300x116.jpg 300w, https:\/\/612.fi\/wp-content\/uploads\/2022\/12\/10348276_1556421514575967_2994088591955209132_n-400x154.jpg 400w, https:\/\/612.fi\/wp-content\/uploads\/2022\/12\/10348276_1556421514575967_2994088591955209132_n-430x166.jpg 430w, https:\/\/612.fi\/wp-content\/uploads\/2022\/12\/10348276_1556421514575967_2994088591955209132_n-150x58.jpg 150w, https:\/\/612.fi\/wp-content\/uploads\/2022\/12\/10348276_1556421514575967_2994088591955209132_n-100x39.jpg 100w\" sizes=\"(max-width: 700px) 100vw, 700px\" \/><\/a><\/figure>\n\n\n\n<figure class=\"wp-block-image size-full\"><a href=\"https:\/\/612.fi\/wp-content\/uploads\/2022\/12\/47577095_2209277539290358_6043824944675028992_n.jpg\"><img loading=\"lazy\" decoding=\"async\" width=\"679\" height=\"960\" src=\"https:\/\/612.fi\/wp-content\/uploads\/2022\/12\/47577095_2209277539290358_6043824944675028992_n.jpg\" alt=\"\" class=\"wp-image-236\" srcset=\"https:\/\/612.fi\/wp-content\/uploads\/2022\/12\/47577095_2209277539290358_6043824944675028992_n.jpg 679w, https:\/\/612.fi\/wp-content\/uploads\/2022\/12\/47577095_2209277539290358_6043824944675028992_n-212x300.jpg 212w, https:\/\/612.fi\/wp-content\/uploads\/2022\/12\/47577095_2209277539290358_6043824944675028992_n-400x566.jpg 400w, https:\/\/612.fi\/wp-content\/uploads\/2022\/12\/47577095_2209277539290358_6043824944675028992_n-430x608.jpg 430w, https:\/\/612.fi\/wp-content\/uploads\/2022\/12\/47577095_2209277539290358_6043824944675028992_n-150x212.jpg 150w, https:\/\/612.fi\/wp-content\/uploads\/2022\/12\/47577095_2209277539290358_6043824944675028992_n-100x141.jpg 100w\" sizes=\"(max-width: 679px) 100vw, 679px\" \/><\/a><\/figure>\n\n\n\n<figure class=\"wp-block-image size-full\"><a href=\"https:\/\/612.fi\/wp-content\/uploads\/2022\/12\/612-p-uhuja-2022Henri-Hoo1-jpeg.jpg\"><img loading=\"lazy\" decoding=\"async\" width=\"750\" height=\"563\" src=\"https:\/\/612.fi\/wp-content\/uploads\/2022\/12\/612-p-uhuja-2022Henri-Hoo1-jpeg.jpg\" alt=\"\" class=\"wp-image-238\" srcset=\"https:\/\/612.fi\/wp-content\/uploads\/2022\/12\/612-p-uhuja-2022Henri-Hoo1-jpeg.jpg 750w, https:\/\/612.fi\/wp-content\/uploads\/2022\/12\/612-p-uhuja-2022Henri-Hoo1-jpeg-300x225.jpg 300w, https:\/\/612.fi\/wp-content\/uploads\/2022\/12\/612-p-uhuja-2022Henri-Hoo1-jpeg-400x300.jpg 400w, https:\/\/612.fi\/wp-content\/uploads\/2022\/12\/612-p-uhuja-2022Henri-Hoo1-jpeg-430x323.jpg 430w, https:\/\/612.fi\/wp-content\/uploads\/2022\/12\/612-p-uhuja-2022Henri-Hoo1-jpeg-150x113.jpg 150w, https:\/\/612.fi\/wp-content\/uploads\/2022\/12\/612-p-uhuja-2022Henri-Hoo1-jpeg-100x75.jpg 100w\" sizes=\"(max-width: 750px) 100vw, 750px\" \/><\/a><\/figure>\n\n\n\n<figure class=\"wp-block-image size-full\"><a href=\"https:\/\/612.fi\/wp-content\/uploads\/2022\/12\/10850265_1561330257418426_9051642425323320294_n.jpg\"><img loading=\"lazy\" decoding=\"async\" width=\"851\" height=\"315\" src=\"https:\/\/612.fi\/wp-content\/uploads\/2022\/12\/10850265_1561330257418426_9051642425323320294_n.jpg\" alt=\"\" class=\"wp-image-241\" srcset=\"https:\/\/612.fi\/wp-content\/uploads\/2022\/12\/10850265_1561330257418426_9051642425323320294_n.jpg 851w, https:\/\/612.fi\/wp-content\/uploads\/2022\/12\/10850265_1561330257418426_9051642425323320294_n-300x111.jpg 300w, https:\/\/612.fi\/wp-content\/uploads\/2022\/12\/10850265_1561330257418426_9051642425323320294_n-768x284.jpg 768w, https:\/\/612.fi\/wp-content\/uploads\/2022\/12\/10850265_1561330257418426_9051642425323320294_n-750x278.jpg 750w, https:\/\/612.fi\/wp-content\/uploads\/2022\/12\/10850265_1561330257418426_9051642425323320294_n-400x148.jpg 400w, https:\/\/612.fi\/wp-content\/uploads\/2022\/12\/10850265_1561330257418426_9051642425323320294_n-430x159.jpg 430w, https:\/\/612.fi\/wp-content\/uploads\/2022\/12\/10850265_1561330257418426_9051642425323320294_n-150x56.jpg 150w, https:\/\/612.fi\/wp-content\/uploads\/2022\/12\/10850265_1561330257418426_9051642425323320294_n-100x37.jpg 100w\" sizes=\"(max-width: 851px) 100vw, 851px\" \/><\/a><\/figure>\n\n\n\n<figure class=\"wp-block-image size-full\"><a href=\"https:\/\/612.fi\/wp-content\/uploads\/2022\/12\/612-logo-vaaleansininen-teksti-valkoinen-pohja.png\"><img loading=\"lazy\" decoding=\"async\" width=\"1000\" height=\"1000\" src=\"https:\/\/612.fi\/wp-content\/uploads\/2022\/12\/612-logo-vaaleansininen-teksti-valkoinen-pohja.png\" alt=\"\" class=\"wp-image-243\" srcset=\"https:\/\/612.fi\/wp-content\/uploads\/2022\/12\/612-logo-vaaleansininen-teksti-valkoinen-pohja.png 1000w, https:\/\/612.fi\/wp-content\/uploads\/2022\/12\/612-logo-vaaleansininen-teksti-valkoinen-pohja-300x300.png 300w, https:\/\/612.fi\/wp-content\/uploads\/2022\/12\/612-logo-vaaleansininen-teksti-valkoinen-pohja-150x150.png 150w, https:\/\/612.fi\/wp-content\/uploads\/2022\/12\/612-logo-vaaleansininen-teksti-valkoinen-pohja-768x768.png 768w, https:\/\/612.fi\/wp-content\/uploads\/2022\/12\/612-logo-vaaleansininen-teksti-valkoinen-pohja-750x750.png 750w, https:\/\/612.fi\/wp-content\/uploads\/2022\/12\/612-logo-vaaleansininen-teksti-valkoinen-pohja-400x400.png 400w, https:\/\/612.fi\/wp-content\/uploads\/2022\/12\/612-logo-vaaleansininen-teksti-valkoinen-pohja-430x430.png 430w, https:\/\/612.fi\/wp-content\/uploads\/2022\/12\/612-logo-vaaleansininen-teksti-valkoinen-pohja-100x100.png 100w\" sizes=\"(max-width: 1000px) 100vw, 1000px\" \/><\/a><figcaption class=\"wp-element-caption\"><strong> Suurkiitos<\/strong> kaikille eiliseen 612.fi-kulkueeseen osallistuneille sek\u00e4 etenkin  sen mahdollistaneille vapaaehtoisille.<br><br>Me emme provosoituneet provokaation edess\u00e4 emmek\u00e4 alistuneet v\u00e4kivallalla ja sen todellisella  uhkalla uhkailleen v\u00e4kijoukon painostuksen alla.<br><br>Kansalaisoikeuksiin kuuluu laaja joukko oikeuksia ja ne ovat aikoinaan syntyneet vertikaalisiksi suojaamaan hallintoalamaisia hallitsijan tyrannialta. Ne on ratifioitu  osaksi kansainv\u00e4list\u00e4 oikeutta.<br><br><strong>Viimeisten vuosien aikana<\/strong> suomalaisen  kansalaisyhteiskunnan turuille ja toreille on ilmestynyt ep\u00e4m\u00e4\u00e4r\u00e4inen  v\u00e4kijoukko. Sellainen v\u00e4kijoukko, joka v\u00e4\u00e4ristelee ja k\u00e4\u00e4nt\u00e4\u00e4 n\u00e4m\u00e4 oikeudet horistontaalisiksi ja nostaa itsens\u00e4 muiden kansalaisten yl\u00e4puolelle.<br> <br>Sellainen sakki, joka ei ymm\u00e4rr\u00e4 ettei sill\u00e4 ole oikeutta rajoittaa kenenk\u00e4\u00e4n muun kansalaisoikeuksia vain sill\u00e4 perusteelle, etteiv\u00e4t n\u00e4m\u00e4 joukkion  j\u00e4senet hyv\u00e4ksy  jonkun tai joidenkin muiden ihmisten mielipidett\u00e4 tai yleist\u00e4 oikeutta ajatuksen-, omantunnon-, uskonnon-, sanan-, mielipiteen- ja kokoontumisvapauteen.<br><br>Lis\u00e4\u00e4 t\u00e4m\u00e4n vuoden 612.fi-soihtukulkueeseen liittyv\u00e4\u00e4 materiaalia julkaistaan  l\u00e4hitulevaisuudessa t\u00e4\u00e4ll\u00e4 ja ehk\u00e4 my\u00f6s sosiaalisen median kanavilla.oo<br><br><strong>T\u00f6\u00f6l\u00f6ss\u00e4 tavataan taas, 6.12.2023!<br><br>Kaikki  mukaan!<\/strong><br><br><br><em><br><\/em><br><\/figcaption><\/figure>\n\n\n\n<figure class=\"wp-block-embed is-type-video is-provider-youtube wp-block-embed-youtube wp-embed-aspect-16-9 wp-has-aspect-ratio\"><div class=\"wp-block-embed__wrapper\">\n<iframe loading=\"lazy\" title=\"Henri Hautam\u00e4en puhe 612.fi soihtukulkueessa (2022)\" width=\"1140\" height=\"641\" src=\"https:\/\/www.youtube.com\/embed\/WnU_XvOXbxU?feature=oembed\" frameborder=\"0\" allow=\"accelerometer; autoplay; clipboard-write; encrypted-media; gyroscope; picture-in-picture\" allowfullscreen><\/iframe>\n<\/div><\/figure>\n","protected":false},"excerpt":{"rendered":"<p>Soihdut syttyv\u00e4t j\u00e4lleen Helsingiss\u00e4 itsen\u00e4isyysp\u00e4iv\u00e4n\u00e4, 6.12.2022 Kokoonnumme tuttuun tapaan T\u00f6\u00f6l\u00f6ntorille kello 18:30, jossa j\u00e4rjest\u00e4ydymme Hietaniemen sankarihautausmaalle suuntaavaksi kulkueeksi. Tapahtuman j\u00e4rjest\u00e4\u00e4 612.fi-yhdistys, ja siihen saavat osallistua kaikki, jotka haluavat juhlia Suomen [&hellip;]<\/p>\n","protected":false},"author":3,"featured_media":0,"parent":0,"menu_order":0,"comment_status":"closed","ping_status":"closed","template":"","meta":{"footnotes":""},"_links":{"self":[{"href":"https:\/\/612.fi\/index.php?rest_route=\/wp\/v2\/pages\/220"}],"collection":[{"href":"https:\/\/612.fi\/index.php?rest_route=\/wp\/v2\/pages"}],"about":[{"href":"https:\/\/612.fi\/index.php?rest_route=\/wp\/v2\/types\/page"}],"author":[{"embeddable":true,"href":"https:\/\/612.fi\/index.php?rest_route=\/wp\/v2\/users\/3"}],"replies":[{"embeddable":true,"href":"https:\/\/612.fi\/index.php?rest_route=%2Fwp%2Fv2%2Fcomments&post=220"}],"version-history":[{"count":13,"href":"https:\/\/612.fi\/index.php?rest_route=\/wp\/v2\/pages\/220\/revisions"}],"predecessor-version":[{"id":321,"href":"https:\/\/612.fi\/index.php?rest_route=\/wp\/v2\/pages\/220\/revisions\/321"}],"wp:attachment":[{"href":"https:\/\/612.fi\/index.php?rest_route=%2Fwp%2Fv2%2Fmedia&parent=220"}],"curies":[{"name":"wp","href":"https:\/\/api.w.org\/{rel}","templated":true}]}}