{"id":253,"date":"2023-11-14T13:07:50","date_gmt":"2023-11-14T11:07:50","guid":{"rendered":"https:\/\/612.fi\/?page_id=253"},"modified":"2023-11-17T09:21:05","modified_gmt":"2023-11-17T07:21:05","slug":"2023-2","status":"publish","type":"page","link":"https:\/\/612.fi\/?page_id=253","title":{"rendered":"2023"},"content":{"rendered":"\n<figure class=\"wp-block-image\"><img loading=\"lazy\" decoding=\"async\" width=\"2048\" height=\"1703\" src=\"https:\/\/612.fi\/wp-content\/uploads\/2023\/11\/image0.jpeg\" alt=\"\" class=\"wp-image-305\" srcset=\"https:\/\/612.fi\/wp-content\/uploads\/2023\/11\/image0.jpeg 2048w, https:\/\/612.fi\/wp-content\/uploads\/2023\/11\/image0-300x249.jpeg 300w, https:\/\/612.fi\/wp-content\/uploads\/2023\/11\/image0-1024x852.jpeg 1024w, https:\/\/612.fi\/wp-content\/uploads\/2023\/11\/image0-768x639.jpeg 768w, https:\/\/612.fi\/wp-content\/uploads\/2023\/11\/image0-1536x1277.jpeg 1536w, https:\/\/612.fi\/wp-content\/uploads\/2023\/11\/image0-750x624.jpeg 750w, https:\/\/612.fi\/wp-content\/uploads\/2023\/11\/image0-400x333.jpeg 400w, https:\/\/612.fi\/wp-content\/uploads\/2023\/11\/image0-430x358.jpeg 430w, https:\/\/612.fi\/wp-content\/uploads\/2023\/11\/image0-150x125.jpeg 150w, https:\/\/612.fi\/wp-content\/uploads\/2023\/11\/image0-100x83.jpeg 100w\" sizes=\"(max-width: 2048px) 100vw, 2048px\" \/><\/figure>\n\n\n\n<p><strong>Soihdut syttyv\u00e4t j\u00e4lleen Helsingiss\u00e4 itsen\u00e4isyysp\u00e4iv\u00e4n\u00e4, 6.12.2023<\/strong><\/p>\n\n\n\n<p>Kokoonnumme tuttuun tapaan T\u00f6\u00f6l\u00f6ntorille kello 18:30, jossa j\u00e4rjest\u00e4ydymme Hietaniemen sankarihautausmaalle suuntaavaksi kulkueeksi. Soihtuja on varattu noin 1500 ensimm\u00e4iselle, mutta kulkueeseen voi aivan hyvin liitty\u00e4 ilman soihtuakin.<\/p>\n\n\n\n<p>Tapahtuman ainoa tarkoitus on juhlistaa is\u00e4nmaamme itsen\u00e4isyytt\u00e4 ja kunnioittaa menneiden sukupolvien sen eteen tekemi\u00e4 uhrauksia. <strong>Osallistujia kehotetaan kunnioittamaan tapahtuman luonnetta j\u00e4tt\u00e4m\u00e4ll\u00e4 kaikki poliittiset ja muut tunnukset kotiin.<\/strong> Yhteiskunnallinen eriarvoistuminen ja poliittinen polarisaatio on ly\u00f6nyt kiilaa suomalaisten v\u00e4liin jo aivan riitt\u00e4v\u00e4sti; juuri ep\u00e4varmoina aikoina pienen kansan suurin voimavara on yhten\u00e4isyys.<\/p>\n\n\n\n<p>Tapahtuman turvallisuuden takaavat sen omat j\u00e4rjesyksenvalvojat yhdess\u00e4 poliisin kanssa. Noudatathan kaikessa heid\u00e4n ohjeitaan.<\/p>\n\n\n\n<p>Torilla tavataan!<\/p>\n\n\n\n<p>Tapahtuman j\u00e4rjest\u00e4\u00e4 612.fi-yhdistys, ja siihen saavat osallistua kaikki, jotka haluavat juhlia Suomen itsen\u00e4isyytt\u00e4 sek\u00e4 kunnioittaa menneiden sukupolvien ty\u00f6t\u00e4 ja uhrauksia.<\/p>\n\n\n\n<p>T\u00e4n\u00e4 vuonna puhujana Daniel Martikainen, joka on Virossa asuva inkeril\u00e4inen sukukansa-aktivisti.<\/p>\n\n\n\n<figure class=\"wp-block-image\"><img loading=\"lazy\" decoding=\"async\" width=\"180\" height=\"320\" src=\"https:\/\/612.fi\/wp-content\/uploads\/2023\/11\/DanielM.png\" alt=\"\" class=\"wp-image-304\" srcset=\"https:\/\/612.fi\/wp-content\/uploads\/2023\/11\/DanielM.png 180w, https:\/\/612.fi\/wp-content\/uploads\/2023\/11\/DanielM-169x300.png 169w, https:\/\/612.fi\/wp-content\/uploads\/2023\/11\/DanielM-150x267.png 150w, https:\/\/612.fi\/wp-content\/uploads\/2023\/11\/DanielM-100x178.png 100w\" sizes=\"(max-width: 180px) 100vw, 180px\" \/><\/figure>\n\n\n\n<figure class=\"wp-block-image size-full is-resized\"><a href=\"https:\/\/612.fi\/wp-content\/uploads\/2023\/11\/47577095_2209277539290358_6043824944675028992_n-1.jpg\"><img loading=\"lazy\" decoding=\"async\" width=\"679\" height=\"960\" src=\"https:\/\/612.fi\/wp-content\/uploads\/2023\/11\/47577095_2209277539290358_6043824944675028992_n-1.jpg\" alt=\"\" class=\"wp-image-309\" style=\"width:652px;height:auto\" srcset=\"https:\/\/612.fi\/wp-content\/uploads\/2023\/11\/47577095_2209277539290358_6043824944675028992_n-1.jpg 679w, https:\/\/612.fi\/wp-content\/uploads\/2023\/11\/47577095_2209277539290358_6043824944675028992_n-1-212x300.jpg 212w, https:\/\/612.fi\/wp-content\/uploads\/2023\/11\/47577095_2209277539290358_6043824944675028992_n-1-400x566.jpg 400w, https:\/\/612.fi\/wp-content\/uploads\/2023\/11\/47577095_2209277539290358_6043824944675028992_n-1-430x608.jpg 430w, https:\/\/612.fi\/wp-content\/uploads\/2023\/11\/47577095_2209277539290358_6043824944675028992_n-1-150x212.jpg 150w, https:\/\/612.fi\/wp-content\/uploads\/2023\/11\/47577095_2209277539290358_6043824944675028992_n-1-100x141.jpg 100w\" sizes=\"(max-width: 679px) 100vw, 679px\" \/><\/a><\/figure>\n","protected":false},"excerpt":{"rendered":"<p>Soihdut syttyv\u00e4t j\u00e4lleen Helsingiss\u00e4 itsen\u00e4isyysp\u00e4iv\u00e4n\u00e4, 6.12.2023 Kokoonnumme tuttuun tapaan T\u00f6\u00f6l\u00f6ntorille kello 18:30, jossa j\u00e4rjest\u00e4ydymme Hietaniemen sankarihautausmaalle suuntaavaksi kulkueeksi. Soihtuja on varattu noin 1500 ensimm\u00e4iselle, mutta kulkueeseen voi aivan hyvin liitty\u00e4 [&hellip;]<\/p>\n","protected":false},"author":3,"featured_media":243,"parent":0,"menu_order":0,"comment_status":"closed","ping_status":"closed","template":"","meta":{"footnotes":""},"_links":{"self":[{"href":"https:\/\/612.fi\/index.php?rest_route=\/wp\/v2\/pages\/253"}],"collection":[{"href":"https:\/\/612.fi\/index.php?rest_route=\/wp\/v2\/pages"}],"about":[{"href":"https:\/\/612.fi\/index.php?rest_route=\/wp\/v2\/types\/page"}],"author":[{"embeddable":true,"href":"https:\/\/612.fi\/index.php?rest_route=\/wp\/v2\/users\/3"}],"replies":[{"embeddable":true,"href":"https:\/\/612.fi\/index.php?rest_route=%2Fwp%2Fv2%2Fcomments&post=253"}],"version-history":[{"count":12,"href":"https:\/\/612.fi\/index.php?rest_route=\/wp\/v2\/pages\/253\/revisions"}],"predecessor-version":[{"id":310,"href":"https:\/\/612.fi\/index.php?rest_route=\/wp\/v2\/pages\/253\/revisions\/310"}],"wp:featuredmedia":[{"embeddable":true,"href":"https:\/\/612.fi\/index.php?rest_route=\/wp\/v2\/media\/243"}],"wp:attachment":[{"href":"https:\/\/612.fi\/index.php?rest_route=%2Fwp%2Fv2%2Fmedia&parent=253"}],"curies":[{"name":"wp","href":"https:\/\/api.w.org\/{rel}","templated":true}]}}