{"id":314,"date":"2024-11-27T20:50:22","date_gmt":"2024-11-27T18:50:22","guid":{"rendered":"https:\/\/612.fi\/?page_id=314"},"modified":"2024-12-09T17:16:23","modified_gmt":"2024-12-09T15:16:23","slug":"2024-2","status":"publish","type":"page","link":"https:\/\/612.fi\/?page_id=314","title":{"rendered":"2024"},"content":{"rendered":"\n<figure class=\"wp-block-image size-large is-resized\"><a href=\"https:\/\/612.fi\/wp-content\/uploads\/2024\/12\/612_2024_1.png\"><img loading=\"lazy\" decoding=\"async\" width=\"683\" height=\"1024\" src=\"https:\/\/612.fi\/wp-content\/uploads\/2024\/12\/612_2024_1-683x1024.png\" alt=\"\" class=\"wp-image-339\" style=\"width:367px;height:auto\" srcset=\"https:\/\/612.fi\/wp-content\/uploads\/2024\/12\/612_2024_1-683x1024.png 683w, https:\/\/612.fi\/wp-content\/uploads\/2024\/12\/612_2024_1-200x300.png 200w, https:\/\/612.fi\/wp-content\/uploads\/2024\/12\/612_2024_1-768x1151.png 768w, https:\/\/612.fi\/wp-content\/uploads\/2024\/12\/612_2024_1-1024x1536.png 1024w, https:\/\/612.fi\/wp-content\/uploads\/2024\/12\/612_2024_1-1366x2048.png 1366w, https:\/\/612.fi\/wp-content\/uploads\/2024\/12\/612_2024_1-750x1125.png 750w, https:\/\/612.fi\/wp-content\/uploads\/2024\/12\/612_2024_1-400x600.png 400w, https:\/\/612.fi\/wp-content\/uploads\/2024\/12\/612_2024_1-430x645.png 430w, https:\/\/612.fi\/wp-content\/uploads\/2024\/12\/612_2024_1-150x225.png 150w, https:\/\/612.fi\/wp-content\/uploads\/2024\/12\/612_2024_1-100x150.png 100w, https:\/\/612.fi\/wp-content\/uploads\/2024\/12\/612_2024_1.png 1500w\" sizes=\"(max-width: 683px) 100vw, 683px\" \/><\/a><\/figure>\n\n\n\n<figure class=\"wp-block-image size-large is-resized\"><a href=\"https:\/\/612.fi\/wp-content\/uploads\/2024\/12\/612_2024_2.png\"><img loading=\"lazy\" decoding=\"async\" width=\"1024\" height=\"575\" src=\"https:\/\/612.fi\/wp-content\/uploads\/2024\/12\/612_2024_2-1024x575.png\" alt=\"\" class=\"wp-image-340\" style=\"width:545px;height:auto\" srcset=\"https:\/\/612.fi\/wp-content\/uploads\/2024\/12\/612_2024_2-1024x575.png 1024w, https:\/\/612.fi\/wp-content\/uploads\/2024\/12\/612_2024_2-300x168.png 300w, https:\/\/612.fi\/wp-content\/uploads\/2024\/12\/612_2024_2-768x431.png 768w, https:\/\/612.fi\/wp-content\/uploads\/2024\/12\/612_2024_2-750x421.png 750w, https:\/\/612.fi\/wp-content\/uploads\/2024\/12\/612_2024_2-400x225.png 400w, https:\/\/612.fi\/wp-content\/uploads\/2024\/12\/612_2024_2-430x241.png 430w, https:\/\/612.fi\/wp-content\/uploads\/2024\/12\/612_2024_2-150x84.png 150w, https:\/\/612.fi\/wp-content\/uploads\/2024\/12\/612_2024_2-100x56.png 100w, https:\/\/612.fi\/wp-content\/uploads\/2024\/12\/612_2024_2.png 1500w\" sizes=\"(max-width: 1024px) 100vw, 1024px\" \/><\/a><\/figure>\n\n\n\n<figure class=\"wp-block-image size-large is-resized\"><a href=\"https:\/\/612.fi\/wp-content\/uploads\/2024\/12\/612_2024_3.png\"><img loading=\"lazy\" decoding=\"async\" width=\"1024\" height=\"683\" src=\"https:\/\/612.fi\/wp-content\/uploads\/2024\/12\/612_2024_3-1024x683.png\" alt=\"\" class=\"wp-image-341\" style=\"width:543px;height:auto\" srcset=\"https:\/\/612.fi\/wp-content\/uploads\/2024\/12\/612_2024_3-1024x683.png 1024w, https:\/\/612.fi\/wp-content\/uploads\/2024\/12\/612_2024_3-300x200.png 300w, https:\/\/612.fi\/wp-content\/uploads\/2024\/12\/612_2024_3-768x512.png 768w, https:\/\/612.fi\/wp-content\/uploads\/2024\/12\/612_2024_3-750x500.png 750w, https:\/\/612.fi\/wp-content\/uploads\/2024\/12\/612_2024_3-400x267.png 400w, https:\/\/612.fi\/wp-content\/uploads\/2024\/12\/612_2024_3-430x287.png 430w, https:\/\/612.fi\/wp-content\/uploads\/2024\/12\/612_2024_3-150x100.png 150w, https:\/\/612.fi\/wp-content\/uploads\/2024\/12\/612_2024_3-100x67.png 100w, https:\/\/612.fi\/wp-content\/uploads\/2024\/12\/612_2024_3.png 1500w\" sizes=\"(max-width: 1024px) 100vw, 1024px\" \/><\/a><\/figure>\n\n\n\n<figure class=\"wp-block-image size-large is-resized\"><a href=\"https:\/\/612.fi\/wp-content\/uploads\/2024\/12\/612_2024_4.png\"><img loading=\"lazy\" decoding=\"async\" width=\"1024\" height=\"683\" src=\"https:\/\/612.fi\/wp-content\/uploads\/2024\/12\/612_2024_4-1024x683.png\" alt=\"\" class=\"wp-image-342\" style=\"width:545px;height:auto\" srcset=\"https:\/\/612.fi\/wp-content\/uploads\/2024\/12\/612_2024_4-1024x683.png 1024w, https:\/\/612.fi\/wp-content\/uploads\/2024\/12\/612_2024_4-300x200.png 300w, https:\/\/612.fi\/wp-content\/uploads\/2024\/12\/612_2024_4-768x512.png 768w, https:\/\/612.fi\/wp-content\/uploads\/2024\/12\/612_2024_4-750x500.png 750w, https:\/\/612.fi\/wp-content\/uploads\/2024\/12\/612_2024_4-400x267.png 400w, https:\/\/612.fi\/wp-content\/uploads\/2024\/12\/612_2024_4-430x287.png 430w, https:\/\/612.fi\/wp-content\/uploads\/2024\/12\/612_2024_4-150x100.png 150w, https:\/\/612.fi\/wp-content\/uploads\/2024\/12\/612_2024_4-100x67.png 100w, https:\/\/612.fi\/wp-content\/uploads\/2024\/12\/612_2024_4.png 1500w\" sizes=\"(max-width: 1024px) 100vw, 1024px\" \/><\/a><\/figure>\n\n\n\n<p>Kiitos kaikille osallistuneille, ensi vuonna uudestaan!<\/p>\n\n\n\n<p>Teemu Keskisarjan puhe alla:<\/p>\n\n\n\n<p>&#8220;Terve teille suomalaiset \u2013 l\u00e4himm\u00e4iset ja kauimmaiset! \u201dT\u00e4ss\u00e4 seison enk\u00e4 muuta voi.\u201d\u00a0<\/p>\n\n\n\n<p>Noin sanoi Martti Luther, mutta min\u00e4 en ole uskonpuhdistaja vaan Teemu, teen kirjoja kuolleista ihmisist\u00e4. Juhlin kanssanne itsen\u00e4isyyden historian p\u00e4iv\u00e4\u00e4. Oikein hyvill\u00e4 mielin, vaikka maamme ei ole en\u00e4\u00e4 itsellinen tai itsep\u00e4inen. Turha synkistell\u00e4, ett\u00e4 kansallismielisyys vaihtui kansallismielett\u00f6myydeksi. Jos Suomi-neito n\u00f6yristelee ja Suomi-poika pokkuroi ylikansallista is\u00e4nt\u00e4\u00e4, siit\u00e4 vaan.<\/p>\n\n\n\n<p>Jokainen sukupolvi kohtaa ohikiit\u00e4v\u00e4t villitykset ja hetkelliset h\u00f6mp\u00f6tykset. Antakaa anteeksi menneille ja tuleville. Antakaa anteeksi toisillenne ja itsellenne. \u00c4lk\u00e4\u00e4 suotta vihoitelko ajanhengelle. Itsen\u00e4isyyden historia tarjoaa yllin kyllin juhlimisen aihetta. Yh\u00e4 vain meit\u00e4 sulostuttavat suomen kieli ja Suomen mieli.<\/p>\n\n\n\n<p>Nykyhetken kirkkautta todistavat T\u00f6\u00f6l\u00f6n torilla kansalaisten m\u00e4\u00e4r\u00e4 \u2013 ja laatu. Ken leimaa meid\u00e4t itsen\u00e4isyyden h\u00e4p\u00e4isij\u00f6iksi ja natseiksi, puhuu p\u00f6ty\u00e4. Kaikella kunnioituksella ja kaikella yst\u00e4vyydell\u00e4. er\u00e4iden arvohenkil\u00f6iden kannattaa huolella lukea kahdeksas k\u00e4sky. Ennen v\u00e4\u00e4r\u00e4n todistuksen lausumista vilkaiskaa edes 612-tapahtuman internet-sivut.<\/p>\n\n\n\n<p>Soihtukulkueen j\u00e4rjest\u00e4j\u00e4yhdistys on laillinen ja lainkuuliainen. Tuhannet miehet, naiset, muunsukupuolisetkin k\u00e4ytt\u00e4v\u00e4t perustuslain kokoontumisvapauutta. Enemmist\u00f6 meist\u00e4 on kunniallista ja eritt\u00e4in rauhallista kansaa tavanomaisissa talvivaatteissa. Useimmat ovat jopa selvinp\u00e4in. Lienemme keskim\u00e4\u00e4rin virke\u00e4mpi\u00e4 kuin Linnan kutsuvieraat, jotka frakeissa ja iltapuvuissa tepastelevat boolimaljan \u00e4\u00e4reen sek\u00e4 jatkojen humuun. Se on kaunis perinne, jota en suinkaan paheksu.<\/p>\n\n\n\n<p>Kulkueemme j\u00e4rjest\u00e4j\u00e4 pyysi osallistujilta kaikkien poliittisten tunnusten pois j\u00e4tt\u00e4mist\u00e4. Ei minun tulisi mieleenk\u00e4\u00e4n t\u00e4ss\u00e4 heiluttaa oman puolueeni kaulahuivia. Se ei kuulu asiaan.<\/p>\n\n\n\n<p>N\u00e4ht\u00e4v\u00e4sti \u00e4\u00e4riaines esittelee \u00e4\u00e4rimm\u00e4isi\u00e4 viirej\u00e4\u00e4n ja kylttej\u00e4\u00e4n. Harmi, mutta ei siit\u00e4 saastu koko sankka v\u00e4kijoukko. Sit\u00e4 paitsi \u00e4\u00e4ri-ihmisetkin ovat ihmisi\u00e4. Juuri niin. Ihmisi\u00e4 kaikki tyynni, ihmisi\u00e4 ylh\u00e4iset ja alhaiset, ihmisi\u00e4 laitavasemmalla, laitaoikealla ja \u00e4\u00e4rikeskustan syvimmiss\u00e4 sy\u00f6vereiss\u00e4. Ep\u00e4inhimillist\u00e4minen on aina v\u00e4\u00e4rin. Leijailkoon suvaitsevaisuuden lumihiutale niin Linnaan kuin T\u00f6\u00f6l\u00f6n torille.<\/p>\n\n\n\n<p>Arvoisat aikalaiset. Hylj\u00e4tk\u00e4\u00e4 hetkeksi p\u00e4iv\u00e4npolitiikka. Unohtakaa muoti-ideologiat puolin ja toisin. Itsen\u00e4isyyden historia ei ole vihan ja vimman ja vastakkainasettelun l\u00e4hde Se on ilon, toivon, voiman, ylpeyden ja yhteisen arvostuksen l\u00e4hde.&nbsp;&nbsp;<\/p>\n\n\n\n<p>Valtion itsem\u00e4\u00e4r\u00e4\u00e4minen on 6. joulukuuta melko v\u00e4hiss\u00e4, mutta itsen\u00e4isyyden historialla s\u00e4ilyy ikiarvo. Suuntaamme hautausmaalle kunnioittamaan sankarivainajia. Heid\u00e4n uhriaan ei pid\u00e4 kenenk\u00e4\u00e4n omia. Miss\u00e4\u00e4n nimess\u00e4 hautojen ikiarvoa ei saa t\u00f6hri\u00e4 kiihotuksella ja typerill\u00e4 rinnastuksilla keskin\u00e4isiin kiistoihimme. Osoitamme Hietaniemeen ja joka paikkakunnan pyhille leposijoille vain yhden sanan: Kiitos!<\/p>\n\n\n\n<p>Kiitollisuutemme kattaa rauhan ty\u00f6n ja arjen uurastuksen. Kirkkomaan kylm\u00e4st\u00e4 mullasta huokuu menneiden sukupolvien l\u00e4mp\u00f6. Se l\u00e4mp\u00f6 loi Suomen ja suomalaisuuden. Historiasta s\u00e4teilee kaukol\u00e4mp\u00f6 syd\u00e4miin ja sieluihin. Kuolleet ihmiset ovat meid\u00e4n puolellamme. Kuolleet ihmiset ovat teid\u00e4n puolellanne. Eiv\u00e4tk\u00e4 he ole ket\u00e4\u00e4n vastaan.<\/p>\n\n\n\n<p>Menneiden sukupolvien l\u00e4mm\u00f6ll\u00e4 on monta ilmentym\u00e4\u00e4. Is\u00e4nmaanrakkaus. Totuudenrakkaus. Vapaudenrakkaus. L\u00e4himm\u00e4isenrakkaus. Niiden t\u00e4hden me marssimme. Ja niiden t\u00e4hden me el\u00e4mme.<\/p>\n\n\n\n<p>Rakkaat my\u00f6t\u00e4ihmiset ja yht\u00e4 rakkaat vastaihmiset! Kantakaa soihduissa l\u00e4mp\u00f6\u00e4 ja valoa. Antakaa ja vastaanottakaa rakkauden sanoma. Toivotan teille historiallista itsen\u00e4isyysp\u00e4iv\u00e4\u00e4!&#8221;<\/p>\n\n\n\n<figure class=\"wp-block-gallery has-nested-images columns-default is-cropped wp-block-gallery-1 is-layout-flex wp-block-gallery-is-layout-flex\">\n<figure class=\"wp-block-image size-full\"><a href=\"https:\/\/612.fi\/wp-content\/uploads\/2024\/11\/kulkue-3-1-2.png\"><img loading=\"lazy\" decoding=\"async\" width=\"767\" height=\"767\" data-id=\"334\" src=\"https:\/\/612.fi\/wp-content\/uploads\/2024\/11\/kulkue-3-1-2.png\" alt=\"\" class=\"wp-image-334\" srcset=\"https:\/\/612.fi\/wp-content\/uploads\/2024\/11\/kulkue-3-1-2.png 767w, https:\/\/612.fi\/wp-content\/uploads\/2024\/11\/kulkue-3-1-2-300x300.png 300w, https:\/\/612.fi\/wp-content\/uploads\/2024\/11\/kulkue-3-1-2-150x150.png 150w, https:\/\/612.fi\/wp-content\/uploads\/2024\/11\/kulkue-3-1-2-750x750.png 750w, https:\/\/612.fi\/wp-content\/uploads\/2024\/11\/kulkue-3-1-2-400x400.png 400w, https:\/\/612.fi\/wp-content\/uploads\/2024\/11\/kulkue-3-1-2-430x430.png 430w, https:\/\/612.fi\/wp-content\/uploads\/2024\/11\/kulkue-3-1-2-100x100.png 100w\" sizes=\"(max-width: 767px) 100vw, 767px\" \/><\/a><\/figure>\n<\/figure>\n\n\n\n<p><strong>Soihdut syttyv\u00e4t j\u00e4lleen Helsingiss\u00e4 itsen\u00e4isyysp\u00e4iv\u00e4n\u00e4, 6.12.202<\/strong>4<\/p>\n\n\n\n<p>Kokoonnumme tuttuun tapaan T\u00f6\u00f6l\u00f6ntorille kello 18:30, jossa j\u00e4rjest\u00e4ydymme Hietaniemen sankarihautausmaalle suuntaavaksi kulkueeksi. Soihtuja on varattu noin 1500 ensimm\u00e4iselle, mutta kulkueeseen voi aivan hyvin liitty\u00e4 ilman soihtuakin.<\/p>\n\n\n\n<p>Tapahtuman ainoa tarkoitus on juhlistaa is\u00e4nmaamme itsen\u00e4isyytt\u00e4 ja kunnioittaa menneiden sukupolvien sen eteen tekemi\u00e4 uhrauksia. <strong>Osallistujia kehotetaan kunnioittamaan tapahtuman luonnetta j\u00e4tt\u00e4m\u00e4ll\u00e4 kaikki poliittiset ja muut tunnukset kotiin.<\/strong> Yhteiskunnallinen eriarvoistuminen ja poliittinen polarisaatio on ly\u00f6nyt kiilaa suomalaisten v\u00e4liin jo aivan riitt\u00e4v\u00e4sti; juuri ep\u00e4varmoina aikoina pienen kansan suurin voimavara on yhten\u00e4isyys.<\/p>\n\n\n\n<p>Juhlapuhujana toimii kansanedustaja Teemu Keskisarja. Alla h\u00e4nen kirjoituksensa asiasta:<\/p>\n\n\n\n<p><\/p>\n\n\n\n<h1 class=\"wp-block-heading\">&#8220;Ei pressanlinnaan vaan torille ja hautausmaalle&#8221;Ei pressanlinnaan vaan torille ja hautausmaalle<\/h1>\n\n\n\n<p><strong>TEEMU KESKISARJA<\/strong><\/p>\n\n\n\n<p>\u2013<\/p>\n\n\n\n<p>Jys\u00e4yt\u00e4n uutispommin, tosin vain papaatin. Juhlintani ja juhlimattomuuteni ovat vailla valtiollista merkityst\u00e4. Menk\u00f6\u00f6n t\u00e4m\u00e4 ep\u00e4t\u00e4rke\u00e4 tiedote silti jakeluun. En mene Linnan juhliin. Kielt\u00e4ydyn kutsusta kohteliaimmin. On muuta tekemist\u00e4. Puhun T\u00f6\u00f6l\u00f6n torilla 612-tapahtumassa ja rahnustan soihtukulkueessa Hietaniemen hautausmaalle. Valintani johtuu moninaisista syist\u00e4.<\/p>\n\n\n\n<p>\u2013<\/p>\n\n\n\n<p>1. En ansaitse mit\u00e4\u00e4n kestityst\u00e4 touhuistani kansanedustajana.<\/p>\n\n\n\n<p>2. K\u00e4yskelen kirkkomailla joka p\u00e4iv\u00e4, turha tehd\u00e4 poikkeusta jonkin kerskailugaalan t\u00e4hden.<\/p>\n\n\n\n<p>3. EU-Suomi vuonna 2024 ei ole itsellinen eik\u00e4 itsep\u00e4inen, joten pyhitys pelkistyk\u00f6\u00f6n historiaan.<\/p>\n\n\n\n<p>4. Puupalttoo pukee joka iikkaa, frakki vain harvoja valittuja.<\/p>\n\n\n\n<p>5. 612-v\u00e4ki on sananvapauden puolella sananvakautta vastaan.<br><br>6. Viheli\u00e4inen olentoni ei ilahduttaisi ket\u00e4\u00e4n tv-l\u00e4hetyksess\u00e4, mutta kadulla vastamielenosoittajat repik\u00f6\u00f6t siit\u00e4 riemunsa.<br><br>7. Kunnioitan kansallismielisyytt\u00e4 ja karsastan kansallismielett\u00f6myytt\u00e4.<br><br>8. Soihtukulkue liikkuu oikeaan suuntaan toisin kuin k\u00e4ttelyjono.<br><br>9. Linnan booli vihloisi ik\u00e4loppua eturauhastani.<br><br>10. Minulla on puhujana asiaa el\u00e4ville ja kuolleille my\u00f6t\u00e4ihmisille.&#8221;<\/p>\n\n\n\n<figure class=\"wp-block-embed is-type-wp-embed is-provider-sarastus wp-block-embed-sarastus\"><div class=\"wp-block-embed__wrapper\">\n<blockquote class=\"wp-embedded-content\" data-secret=\"9Wifgk24mR\"><a href=\"https:\/\/sarastuslehti.com\/2024\/11\/29\/ei-pressanlinnaan-vaan-torille-ja-hautausmaalle\/\">Ei pressanlinnaan vaan torille ja&nbsp;hautausmaalle<\/a><\/blockquote><iframe class=\"wp-embedded-content\" sandbox=\"allow-scripts\" security=\"restricted\" style=\"position: absolute; clip: rect(1px, 1px, 1px, 1px);\" title=\"&#8221;Ei pressanlinnaan vaan torille ja&nbsp;hautausmaalle&#8221; &#8212; SARASTUS\" src=\"https:\/\/sarastuslehti.com\/2024\/11\/29\/ei-pressanlinnaan-vaan-torille-ja-hautausmaalle\/embed\/#?secret=foqvcULDqx#?secret=9Wifgk24mR\" data-secret=\"9Wifgk24mR\" width=\"600\" height=\"338\" frameborder=\"0\" marginwidth=\"0\" marginheight=\"0\" scrolling=\"no\"><\/iframe>\n<\/div><\/figure>\n\n\n\n<p>Tapahtuman turvallisuuden takaavat sen omat j\u00e4rjesyksenvalvojat yhdess\u00e4 poliisin kanssa. Noudatathan kaikessa heid\u00e4n ohjeitaan.<\/p>\n\n\n\n<p>Torilla tavataan!<\/p>\n\n\n\n<p>Tapahtuman j\u00e4rjest\u00e4\u00e4 612.fi-yhdistys, ja siihen saavat osallistua kaikki, jotka haluavat juhlia Suomen itsen\u00e4isyytt\u00e4 sek\u00e4 kunnioittaa menneiden sukupolvien ty\u00f6t\u00e4 ja uhrauksia.<\/p>\n\n\n\n<figure class=\"wp-block-image size-full\"><a href=\"https:\/\/612.fi\/wp-content\/uploads\/2023\/11\/47577095_2209277539290358_6043824944675028992_n.jpg\"><img loading=\"lazy\" decoding=\"async\" width=\"679\" height=\"960\" src=\"https:\/\/612.fi\/wp-content\/uploads\/2023\/11\/47577095_2209277539290358_6043824944675028992_n.jpg\" alt=\"\" class=\"wp-image-308\" srcset=\"https:\/\/612.fi\/wp-content\/uploads\/2023\/11\/47577095_2209277539290358_6043824944675028992_n.jpg 679w, https:\/\/612.fi\/wp-content\/uploads\/2023\/11\/47577095_2209277539290358_6043824944675028992_n-212x300.jpg 212w, https:\/\/612.fi\/wp-content\/uploads\/2023\/11\/47577095_2209277539290358_6043824944675028992_n-400x566.jpg 400w, https:\/\/612.fi\/wp-content\/uploads\/2023\/11\/47577095_2209277539290358_6043824944675028992_n-430x608.jpg 430w, https:\/\/612.fi\/wp-content\/uploads\/2023\/11\/47577095_2209277539290358_6043824944675028992_n-150x212.jpg 150w, https:\/\/612.fi\/wp-content\/uploads\/2023\/11\/47577095_2209277539290358_6043824944675028992_n-100x141.jpg 100w\" sizes=\"(max-width: 679px) 100vw, 679px\" \/><\/a><\/figure>\n","protected":false},"excerpt":{"rendered":"<p>Kiitos kaikille osallistuneille, ensi vuonna uudestaan! Teemu Keskisarjan puhe alla: &#8220;Terve teille suomalaiset \u2013 l\u00e4himm\u00e4iset ja kauimmaiset! \u201dT\u00e4ss\u00e4 seison enk\u00e4 muuta voi.\u201d\u00a0 Noin sanoi Martti Luther, mutta min\u00e4 en ole [&hellip;]<\/p>\n","protected":false},"author":4,"featured_media":0,"parent":0,"menu_order":0,"comment_status":"closed","ping_status":"closed","template":"","meta":{"footnotes":""},"_links":{"self":[{"href":"https:\/\/612.fi\/index.php?rest_route=\/wp\/v2\/pages\/314"}],"collection":[{"href":"https:\/\/612.fi\/index.php?rest_route=\/wp\/v2\/pages"}],"about":[{"href":"https:\/\/612.fi\/index.php?rest_route=\/wp\/v2\/types\/page"}],"author":[{"embeddable":true,"href":"https:\/\/612.fi\/index.php?rest_route=\/wp\/v2\/users\/4"}],"replies":[{"embeddable":true,"href":"https:\/\/612.fi\/index.php?rest_route=%2Fwp%2Fv2%2Fcomments&post=314"}],"version-history":[{"count":9,"href":"https:\/\/612.fi\/index.php?rest_route=\/wp\/v2\/pages\/314\/revisions"}],"predecessor-version":[{"id":343,"href":"https:\/\/612.fi\/index.php?rest_route=\/wp\/v2\/pages\/314\/revisions\/343"}],"wp:attachment":[{"href":"https:\/\/612.fi\/index.php?rest_route=%2Fwp%2Fv2%2Fmedia&parent=314"}],"curies":[{"name":"wp","href":"https:\/\/api.w.org\/{rel}","templated":true}]}}