{"id":345,"date":"2025-09-23T02:45:17","date_gmt":"2025-09-22T23:45:17","guid":{"rendered":"https:\/\/612.fi\/?page_id=345"},"modified":"2025-12-01T06:55:09","modified_gmt":"2025-12-01T04:55:09","slug":"2025-2","status":"publish","type":"page","link":"https:\/\/612.fi\/","title":{"rendered":"2025"},"content":{"rendered":"\n<figure class=\"wp-block-image size-large\"><a href=\"https:\/\/612.fi\/wp-content\/uploads\/2025\/12\/unnamed.jpg\"><img loading=\"lazy\" decoding=\"async\" width=\"1024\" height=\"613\" src=\"https:\/\/612.fi\/wp-content\/uploads\/2025\/12\/unnamed-1024x613.jpg\" alt=\"\" class=\"wp-image-359\" srcset=\"https:\/\/612.fi\/wp-content\/uploads\/2025\/12\/unnamed-1024x613.jpg 1024w, https:\/\/612.fi\/wp-content\/uploads\/2025\/12\/unnamed-300x180.jpg 300w, https:\/\/612.fi\/wp-content\/uploads\/2025\/12\/unnamed-768x460.jpg 768w, https:\/\/612.fi\/wp-content\/uploads\/2025\/12\/unnamed-750x449.jpg 750w, https:\/\/612.fi\/wp-content\/uploads\/2025\/12\/unnamed-400x239.jpg 400w, https:\/\/612.fi\/wp-content\/uploads\/2025\/12\/unnamed-430x257.jpg 430w, https:\/\/612.fi\/wp-content\/uploads\/2025\/12\/unnamed-150x90.jpg 150w, https:\/\/612.fi\/wp-content\/uploads\/2025\/12\/unnamed-100x60.jpg 100w, https:\/\/612.fi\/wp-content\/uploads\/2025\/12\/unnamed.jpg 1280w\" sizes=\"(max-width: 1024px) 100vw, 1024px\" \/><\/a><\/figure>\n\n\n\n<p><strong>Soihdut syttyv\u00e4t j\u00e4lleen Helsingiss\u00e4 itsen\u00e4isyysp\u00e4iv\u00e4n\u00e4, 6.12.2025<\/strong><\/p>\n\n\n\n<p>Kokoonnumme tuttuun tapaan T\u00f6\u00f6l\u00f6ntorille kello 18:30, jossa j\u00e4rjest\u00e4ydymme Hietaniemen sankarihautausmaalle suuntaavaksi kulkueeksi. Soihtuja on varattu riitt\u00e4v\u00e4sti, mutta kulkueeseen voi aivan hyvin liitty\u00e4 ilman soihtuakin.<\/p>\n\n\n\n<p>Tapahtuman ainoa tarkoitus on juhlistaa is\u00e4nmaamme itsen\u00e4isyytt\u00e4 ja kunnioittaa menneiden sukupolvien sen eteen tekemi\u00e4 uhrauksia. <strong>Osallistujia kehotetaan kunnioittamaan tapahtuman luonnetta j\u00e4tt\u00e4m\u00e4ll\u00e4 kaikki poliittiset ja muut tunnukset kotiin.<\/strong> Yhteiskunnallinen eriarvoistuminen ja poliittinen polarisaatio on ly\u00f6nyt kiilaa suomalaisten v\u00e4liin jo aivan riitt\u00e4v\u00e4sti; juuri ep\u00e4varmoina aikoina pienen kansan suurin voimavara on yhten\u00e4isyys.<\/p>\n\n\n\n<figure class=\"wp-block-image size-large\"><a href=\"https:\/\/612.fi\/wp-content\/uploads\/2025\/11\/1000034901.png\"><img loading=\"lazy\" decoding=\"async\" width=\"1024\" height=\"575\" src=\"https:\/\/612.fi\/wp-content\/uploads\/2025\/11\/1000034901-1024x575.png\" alt=\"\" class=\"wp-image-351\" srcset=\"https:\/\/612.fi\/wp-content\/uploads\/2025\/11\/1000034901-1024x575.png 1024w, https:\/\/612.fi\/wp-content\/uploads\/2025\/11\/1000034901-300x168.png 300w, https:\/\/612.fi\/wp-content\/uploads\/2025\/11\/1000034901-768x431.png 768w, https:\/\/612.fi\/wp-content\/uploads\/2025\/11\/1000034901-1536x862.png 1536w, https:\/\/612.fi\/wp-content\/uploads\/2025\/11\/1000034901-2048x1149.png 2048w, https:\/\/612.fi\/wp-content\/uploads\/2025\/11\/1000034901-750x421.png 750w, https:\/\/612.fi\/wp-content\/uploads\/2025\/11\/1000034901-400x224.png 400w, https:\/\/612.fi\/wp-content\/uploads\/2025\/11\/1000034901-430x241.png 430w, https:\/\/612.fi\/wp-content\/uploads\/2025\/11\/1000034901-150x84.png 150w, https:\/\/612.fi\/wp-content\/uploads\/2025\/11\/1000034901-100x56.png 100w\" sizes=\"(max-width: 1024px) 100vw, 1024px\" \/><\/a><\/figure>\n\n\n\n<figure class=\"wp-block-image size-full\"><a href=\"https:\/\/612.fi\/wp-content\/uploads\/2025\/12\/47577095_2209277539290358_6043824944675028992_n-1.jpg\"><img loading=\"lazy\" decoding=\"async\" width=\"679\" height=\"960\" src=\"https:\/\/612.fi\/wp-content\/uploads\/2025\/12\/47577095_2209277539290358_6043824944675028992_n-1.jpg\" alt=\"\" class=\"wp-image-361\" srcset=\"https:\/\/612.fi\/wp-content\/uploads\/2025\/12\/47577095_2209277539290358_6043824944675028992_n-1.jpg 679w, https:\/\/612.fi\/wp-content\/uploads\/2025\/12\/47577095_2209277539290358_6043824944675028992_n-1-212x300.jpg 212w, https:\/\/612.fi\/wp-content\/uploads\/2025\/12\/47577095_2209277539290358_6043824944675028992_n-1-400x566.jpg 400w, https:\/\/612.fi\/wp-content\/uploads\/2025\/12\/47577095_2209277539290358_6043824944675028992_n-1-430x608.jpg 430w, https:\/\/612.fi\/wp-content\/uploads\/2025\/12\/47577095_2209277539290358_6043824944675028992_n-1-150x212.jpg 150w, https:\/\/612.fi\/wp-content\/uploads\/2025\/12\/47577095_2209277539290358_6043824944675028992_n-1-100x141.jpg 100w\" sizes=\"(max-width: 679px) 100vw, 679px\" \/><\/a><\/figure>\n","protected":false},"excerpt":{"rendered":"<p>Soihdut syttyv\u00e4t j\u00e4lleen Helsingiss\u00e4 itsen\u00e4isyysp\u00e4iv\u00e4n\u00e4, 6.12.2025 Kokoonnumme tuttuun tapaan T\u00f6\u00f6l\u00f6ntorille kello 18:30, jossa j\u00e4rjest\u00e4ydymme Hietaniemen sankarihautausmaalle suuntaavaksi kulkueeksi. Soihtuja on varattu riitt\u00e4v\u00e4sti, mutta kulkueeseen voi aivan hyvin liitty\u00e4 ilman soihtuakin. [&hellip;]<\/p>\n","protected":false},"author":2,"featured_media":0,"parent":0,"menu_order":1,"comment_status":"closed","ping_status":"closed","template":"page_front-page.php","meta":{"footnotes":""},"_links":{"self":[{"href":"https:\/\/612.fi\/index.php?rest_route=\/wp\/v2\/pages\/345"}],"collection":[{"href":"https:\/\/612.fi\/index.php?rest_route=\/wp\/v2\/pages"}],"about":[{"href":"https:\/\/612.fi\/index.php?rest_route=\/wp\/v2\/types\/page"}],"author":[{"embeddable":true,"href":"https:\/\/612.fi\/index.php?rest_route=\/wp\/v2\/users\/2"}],"replies":[{"embeddable":true,"href":"https:\/\/612.fi\/index.php?rest_route=%2Fwp%2Fv2%2Fcomments&post=345"}],"version-history":[{"count":6,"href":"https:\/\/612.fi\/index.php?rest_route=\/wp\/v2\/pages\/345\/revisions"}],"predecessor-version":[{"id":362,"href":"https:\/\/612.fi\/index.php?rest_route=\/wp\/v2\/pages\/345\/revisions\/362"}],"wp:attachment":[{"href":"https:\/\/612.fi\/index.php?rest_route=%2Fwp%2Fv2%2Fmedia&parent=345"}],"curies":[{"name":"wp","href":"https:\/\/api.w.org\/{rel}","templated":true}]}}